{"id":1020,"date":"2019-06-19T15:11:04","date_gmt":"2019-06-19T12:11:04","guid":{"rendered":"http:\/\/10.15.51.60\/cacj\/?page_id=1020"},"modified":"2025-08-29T10:53:38","modified_gmt":"2025-08-29T07:53:38","slug":"prezentare","status":"publish","type":"page","link":"https:\/\/www.curteadeapelcluj.ro\/index.php\/despre-noi\/prezentare.html","title":{"rendered":"Prezentare"},"content":{"rendered":"<div id=\"pl-1020\"  class=\"panel-layout\" ><div id=\"pg-1020-0\"  class=\"panel-grid panel-no-style\" ><div id=\"pgc-1020-0-0\"  class=\"panel-grid-cell\" ><div id=\"panel-1020-0-0-0\" class=\"so-panel widget widget_sow-editor panel-first-child panel-last-child\" data-index=\"0\" ><div class=\"panel-widget-style panel-widget-style-for-1020-0-0-0\" ><div\n\t\t\t\n\t\t\tclass=\"so-widget-sow-editor so-widget-sow-editor-base\"\n\t\t\t\n\t\t>\n<div class=\"siteorigin-widget-tinymce textwidget\">\n\t<p><span style=\"color: #000000;\"><span style=\"font-family: arial, helvetica, sans-serif;\"><span style=\"font-size: 20px;\">Prezentare Curtea de Apel Cluj<\/span><\/span><img loading=\"lazy\" decoding=\"async\" class=\"alignleft wp-image-2601 size-full\" src=\"https:\/\/www.curteadeapelcluj.ro\/wp-content\/uploads\/2019\/10\/linie-subtitlu1200x1.png\" alt=\"\" width=\"1200\" height=\"1\" srcset=\"https:\/\/www.curteadeapelcluj.ro\/wp-content\/uploads\/2019\/10\/linie-subtitlu1200x1.png 1200w, https:\/\/www.curteadeapelcluj.ro\/wp-content\/uploads\/2019\/10\/linie-subtitlu1200x1-150x1.png 150w, https:\/\/www.curteadeapelcluj.ro\/wp-content\/uploads\/2019\/10\/linie-subtitlu1200x1-300x1.png 300w, https:\/\/www.curteadeapelcluj.ro\/wp-content\/uploads\/2019\/10\/linie-subtitlu1200x1-768x1.png 768w, https:\/\/www.curteadeapelcluj.ro\/wp-content\/uploads\/2019\/10\/linie-subtitlu1200x1-1024x1.png 1024w, https:\/\/www.curteadeapelcluj.ro\/wp-content\/uploads\/2019\/10\/linie-subtitlu1200x1-720x1.png 720w, https:\/\/www.curteadeapelcluj.ro\/wp-content\/uploads\/2019\/10\/linie-subtitlu1200x1-1080x1.png 1080w, https:\/\/www.curteadeapelcluj.ro\/wp-content\/uploads\/2019\/10\/linie-subtitlu1200x1-960x1.png 960w, https:\/\/www.curteadeapelcluj.ro\/wp-content\/uploads\/2019\/10\/linie-subtitlu1200x1-272x1.png 272w, https:\/\/www.curteadeapelcluj.ro\/wp-content\/uploads\/2019\/10\/linie-subtitlu1200x1-436x1.png 436w\" sizes=\"auto, (max-width: 1200px) 100vw, 1200px\" \/><br \/>\n<\/span><\/p>\n<p class=\"custom-indent\" style=\"text-align: justify; font-size: 14px;\"><span style=\"font-family: arial, helvetica, sans-serif; font-size: 14px;\">Curtea de Apel Cluj func\u0163ioneaz\u0103 \u00een baza L.304\/2004 privind organizarea judiciar\u0103. Raza de activitate a Cur\u0163ii de Apel Cluj cuprinde 4 jude\u0163e: Cluj, Bistri\u0163a-N\u0103s\u0103ud, Maramure\u015f \u015fi S\u0103laj, acoperind 22.197 km2 cu 1.842,7 mii locuitori.<\/span><br \/>\n<span style=\"font-family: arial, helvetica, sans-serif; font-size: 14px;\">\u00cen fiecare re\u015fedin\u0163\u0103 de jude\u0163 func\u0163ioneaz\u0103 c\u00e2te un tribunal cu competen\u0163\u0103 general\u0103 \u015fi la Cluj-Napoca func\u0163ioneaz\u0103 Tribunalul Comercial av\u00e2nd competen\u0163\u0103 special\u0103. \u00cen cadrul jude\u0163elor sunt organizate judec\u0103torii.<\/span><br \/>\n<a href=\"\/wp-content\/uploads\/2019\/06\/instante-arondate.pdf\" target=\"_blank\" rel=\"noopener\">Schi\u0163\u0103 instan\u0163e arondate:<\/a><\/p>\n<p class=\"custom-indent\" style=\"text-align: justify; font-size: 14px;\">\u00cen prezent Curtea de Apel Cluj func\u0163ioneaz\u0103 \u00een Palatul Justi\u0163iei Cluj, imobil proprietate a Ministerului Justi\u0163iei, construit pentru aceast\u0103 activitate \u00eentre anii 1898\u20131902, cl\u0103dire de o deosebit\u0103 valoare arhitectonic\u0103, monument istoric \u015fi de arhitectur\u0103 catalogat.<img loading=\"lazy\" decoding=\"async\" class=\"aligncenter wp-image-862 \" src=\"https:\/\/www.curteadeapelcluj.ro\/wp-content\/uploads\/2019\/06\/2_1.jpg\" alt=\"\" width=\"630\" height=\"314\" srcset=\"https:\/\/www.curteadeapelcluj.ro\/wp-content\/uploads\/2019\/06\/2_1.jpg 1920w, https:\/\/www.curteadeapelcluj.ro\/wp-content\/uploads\/2019\/06\/2_1-300x150.jpg 300w, https:\/\/www.curteadeapelcluj.ro\/wp-content\/uploads\/2019\/06\/2_1-768x384.jpg 768w, https:\/\/www.curteadeapelcluj.ro\/wp-content\/uploads\/2019\/06\/2_1-1024x512.jpg 1024w, https:\/\/www.curteadeapelcluj.ro\/wp-content\/uploads\/2019\/06\/2_1-960x480.jpg 960w\" sizes=\"auto, (max-width: 630px) 100vw, 630px\" \/><\/p>\n<p>&nbsp;<\/p>\n<p class=\"custom-indent\" style=\"text-align: justify; font-size: 14px;\">Proiectul a fost \u00eentocmit de asocia\u0163ia de proiectan\u0163i EPITOTARSASAG, KOTSIS, SMIEL, FODOR es REISINGER, arhitect WAGNER GYULA, antreprenor SEBESTYEN DAVID.<br \/>\nConstruc\u0163ia se afl\u0103 situat\u0103 \u00een centrul vechi al municipiului, pe fosta strad\u0103 Regele Carol al II-lea, actualmente Doroban\u0163ilor, nr. 2-4.<br \/>\nCl\u0103direa face parte din ansamblul arhitectural Pia\u0163a Victoriei ce mai cuprinde: Cl\u0103direa Operei Rom\u00e2ne \u015fi Teatrul Na\u0163ional, Cl\u0103direa Prefecturii, sediul Finan\u0163elor, Direc\u0163ia C\u0103ilor Ferate, Direc\u0163ia Silvic\u0103 (\u00een prezent Seminarul Teologic), toate fiind construite ca palate \u00eenc\u0103p\u0103toare, cu adi\u0163ion\u0103ri de \u00eenc\u0103peri concepute ca birouri, cu intr\u0103ri \u015fi sc\u0103ri monumentale urc\u00e2nd spre saloanele de \u015fedin\u0163\u0103 \u015fi festivit\u0103\u0163i.<br \/>\nA fost proiectat\u0103 pentru asigurarea activit\u0103\u0163ilor justi\u0163iei \u00een urm\u0103 cu un secol, pentru o popula\u0163ie de cca. 50.000 locuitori. \u015ei-a p\u0103strat p\u00e2n\u0103 ast\u0103zi destina\u0163ia ini\u0163ial\u0103, cu men\u0163iunea c\u0103 temporar a ad\u0103postit \u015fi alte institu\u0163ii ale statului precum: Facultatea de \u015etiin\u0163e Economice, Biblioteca Jude\u0163ean\u0103, Notariatul de Stat, \u015ecoala Popular\u0103 de Art\u0103, Editura Kriterion etc.<\/p>\n<p class=\"custom-indent\" style=\"text-align: justify; font-size: 14px;\">Cl\u0103direa este reprezentativ\u0103 pentru arhitectura \u00eenceputului de secol XX; este construit\u0103 \u00een stil eclectic.<br \/>\nFa\u0163ada nordic\u0103 este preten\u0163ioas\u0103, intrarea (ce constituie accesul \u00een Tribunalul Cluj), prezint\u0103 un portic format din patru coloane dorice ce sus\u0163in balconul de la etajul I. Frizele au motive vegetale \u00eenc\u0103rcate, console, ghirlande, volute \u015fi chiar figuri \u00een rondo-bosso realizate ini\u0163ial \u00een \u00eentregime din teracot\u0103.Arcele de peste ferestre \u015fi corni\u015fele cuprind \u015fi figuri umane; ancadramentele ferestrelor \u015fi solbancurile prezint\u0103 elemente sculptate \u00een piatr\u0103.<\/p>\n<p class=\"custom-indent\" style=\"text-align: justify; font-size: 14px;\">Fa\u0163ada vestic\u0103 se prezint\u0103 \u00een acela\u015fi stil, intrarea (ce constituie accesul \u00een Curtea de Apel Cluj), prezint\u0103 de asemenea porticul format din patru coloane dorice ce sus\u0163in balconul etajului I. Unele elemente decorative ale fa\u0163adei sunt din piatr\u0103 de Vi\u015ftea, carier\u0103 situat\u0103 la 20 km de Cluj. \u00cen zona intr\u0103rii dinspre vest acoperi\u015ful prezint\u0103 o cupol\u0103 de mari dimensiuni, (9,0x28,70 m, \u00een\u0103l\u0163ime 8,60 m) cu \u00eenvelitoare din solzi de eternit, bogat decorat\u0103 cu elemente din tabl\u0103 \u015fi fier forjat, de o deosebit\u0103 valoare artistic\u0103 pentru compozi\u0163ia fa\u0163adei.<\/p>\n<p class=\"custom-indent\" style=\"text-align: justify; font-size: 14px;\">Concep\u0163ia cl\u0103dirii este adaptat\u0103 func\u0163iunii, ca ansamblu constructiv are form\u0103 de patrulater neregulat \u015fi prezint\u0103 13 cur\u0163i interioare care asigur\u0103 iluminarea \u015fi ventilarea coridoarelor. Cele dou\u0103 intr\u0103ri se leag\u0103 de restul construc\u0163iei prin case de scar\u0103 monumentale, cu trepte din piatr\u0103, balustrade din fier forjat. Tavanele prezint\u0103 bol\u0163i cu decora\u0163iuni din stucatur\u0103 \u015fi zone pictate, care ast\u0103zi sunt restaurate; coloanele interioare au capiteluri sculptate. Cl\u0103direa, conceput\u0103 ini\u0163ial ca Palat de Justi\u0163ie, cuprindea nou\u0103 s\u0103li de dezbateri, cu ornamenta\u0163ie bogat\u0103, realizat\u0103 din stucaturi \u015fi elemente sculptate, actualmente recondi\u0163ionate.<\/p>\n<p class=\"custom-indent\" style=\"text-align: justify; font-size: 14px;\">\u00cen prezent Curtea de Apel Cluj dispune de 3 s\u0103li de \u015fedin\u0163\u0103, c\u00e2te una pentru fiecare sec\u0163ie \u015fi mai multe birouri destinate desf\u0103\u015fur\u0103rii activit\u0103\u0163ii judec\u0103torilor \u015fi personalului auxiliar de specialitate.<br \/>\nRela\u0163iile cu publicul se asigur\u0103 prin Serviciul de Registratur\u0103 \u015fi Arhiv\u0103, precum \u015fi prin Biroul de Informare \u015fi Rela\u0163ii publice.<\/p>\n<\/div>\n<\/div><\/div><\/div><\/div><\/div><\/div>","protected":false},"excerpt":{"rendered":"<p>Prezentare Curtea de Apel Cluj Curtea de Apel Cluj func\u0163ioneaz\u0103 \u00een baza L.304\/2004 privind organizarea judiciar\u0103. Raza de activitate a Cur\u0163ii de Apel Cluj cuprinde 4 jude\u0163e: Cluj, Bistri\u0163a-N\u0103s\u0103ud, Maramure\u015f \u015fi S\u0103laj, acoperind 22.197 km2 cu 1.842,7 mii locuitori. \u00cen fiecare re\u015fedin\u0163\u0103 de jude\u0163 func\u0163ioneaz\u0103 c\u00e2te un tribunal cu competen\u0163\u0103 general\u0103 \u015fi la Cluj-Napoca func\u0163ioneaz\u0103 [&hellip;]<\/p>\n","protected":false},"author":1,"featured_media":0,"parent":2462,"menu_order":0,"comment_status":"closed","ping_status":"closed","template":"","meta":{"footnotes":""},"class_list":["post-1020","page","type-page","status-publish","hentry","post"],"_links":{"self":[{"href":"https:\/\/www.curteadeapelcluj.ro\/index.php\/wp-json\/wp\/v2\/pages\/1020","targetHints":{"allow":["GET"]}}],"collection":[{"href":"https:\/\/www.curteadeapelcluj.ro\/index.php\/wp-json\/wp\/v2\/pages"}],"about":[{"href":"https:\/\/www.curteadeapelcluj.ro\/index.php\/wp-json\/wp\/v2\/types\/page"}],"author":[{"embeddable":true,"href":"https:\/\/www.curteadeapelcluj.ro\/index.php\/wp-json\/wp\/v2\/users\/1"}],"replies":[{"embeddable":true,"href":"https:\/\/www.curteadeapelcluj.ro\/index.php\/wp-json\/wp\/v2\/comments?post=1020"}],"version-history":[{"count":25,"href":"https:\/\/www.curteadeapelcluj.ro\/index.php\/wp-json\/wp\/v2\/pages\/1020\/revisions"}],"predecessor-version":[{"id":5141,"href":"https:\/\/www.curteadeapelcluj.ro\/index.php\/wp-json\/wp\/v2\/pages\/1020\/revisions\/5141"}],"up":[{"embeddable":true,"href":"https:\/\/www.curteadeapelcluj.ro\/index.php\/wp-json\/wp\/v2\/pages\/2462"}],"wp:attachment":[{"href":"https:\/\/www.curteadeapelcluj.ro\/index.php\/wp-json\/wp\/v2\/media?parent=1020"}],"curies":[{"name":"wp","href":"https:\/\/api.w.org\/{rel}","templated":true}]}}