{"id":1814,"date":"2019-08-05T10:19:16","date_gmt":"2019-08-05T07:19:16","guid":{"rendered":"http:\/\/10.15.51.60\/cacj\/?page_id=1814"},"modified":"2023-05-24T08:14:23","modified_gmt":"2023-05-24T05:14:23","slug":"jurisprudenta","status":"publish","type":"page","link":"https:\/\/www.curteadeapelcluj.ro\/index.php\/dosare\/jurisprudenta.html","title":{"rendered":"Jurispruden\u0163\u0103"},"content":{"rendered":"<div id=\"pl-1814\"  class=\"panel-layout\" ><div id=\"pg-1814-0\"  class=\"panel-grid panel-has-style\" ><div class=\"siteorigin-panels-stretch panel-row-style panel-row-style-for-1814-0\" data-stretch-type=\"full\" ><div id=\"pgc-1814-0-0\"  class=\"panel-grid-cell\" ><div id=\"panel-1814-0-0-0\" class=\"so-panel widget widget_sow-editor panel-first-child\" data-index=\"0\" ><div class=\"panel-widget-style panel-widget-style-for-1814-0-0-0\" ><div\n\t\t\t\n\t\t\tclass=\"so-widget-sow-editor so-widget-sow-editor-base\"\n\t\t\t\n\t\t>\n<div class=\"siteorigin-widget-tinymce textwidget\">\n\t<p><span style=\"font-family: arial, helvetica, sans-serif; font-size: 20px; color: #000000;\">Jurispruden\u0163\u0103<br \/>\n<img loading=\"lazy\" decoding=\"async\" class=\"alignleft wp-image-2601 size-full\" src=\"https:\/\/www.curteadeapelcluj.ro\/wp-content\/uploads\/2019\/10\/linie-subtitlu1200x1.png\" alt=\"\" width=\"1200\" height=\"1\" srcset=\"https:\/\/www.curteadeapelcluj.ro\/wp-content\/uploads\/2019\/10\/linie-subtitlu1200x1.png 1200w, https:\/\/www.curteadeapelcluj.ro\/wp-content\/uploads\/2019\/10\/linie-subtitlu1200x1-150x1.png 150w, https:\/\/www.curteadeapelcluj.ro\/wp-content\/uploads\/2019\/10\/linie-subtitlu1200x1-300x1.png 300w, https:\/\/www.curteadeapelcluj.ro\/wp-content\/uploads\/2019\/10\/linie-subtitlu1200x1-768x1.png 768w, https:\/\/www.curteadeapelcluj.ro\/wp-content\/uploads\/2019\/10\/linie-subtitlu1200x1-1024x1.png 1024w, https:\/\/www.curteadeapelcluj.ro\/wp-content\/uploads\/2019\/10\/linie-subtitlu1200x1-720x1.png 720w, https:\/\/www.curteadeapelcluj.ro\/wp-content\/uploads\/2019\/10\/linie-subtitlu1200x1-1080x1.png 1080w, https:\/\/www.curteadeapelcluj.ro\/wp-content\/uploads\/2019\/10\/linie-subtitlu1200x1-960x1.png 960w, https:\/\/www.curteadeapelcluj.ro\/wp-content\/uploads\/2019\/10\/linie-subtitlu1200x1-272x1.png 272w, https:\/\/www.curteadeapelcluj.ro\/wp-content\/uploads\/2019\/10\/linie-subtitlu1200x1-436x1.png 436w\" sizes=\"auto, (max-width: 1200px) 100vw, 1200px\" \/><br \/>\n<\/span><\/p>\n<\/div>\n<\/div><\/div><\/div><div id=\"panel-1814-0-0-1\" class=\"so-panel widget widget_sow-editor\" data-index=\"1\" ><div class=\"panel-widget-style panel-widget-style-for-1814-0-0-1\" ><div\n\t\t\t\n\t\t\tclass=\"so-widget-sow-editor so-widget-sow-editor-base\"\n\t\t\t\n\t\t>\n<div class=\"siteorigin-widget-tinymce textwidget\">\n\t<p class=\"custom-indent\" style=\"text-align: justify; font-size: 14px;\"><span style=\"font-family: arial, helvetica, sans-serif;\">\u00cen aceast\u0103 pagin\u0103 au fost incluse hot\u0103r\u00e2ri relevante din practica sec\u0163iilor Cur\u0163ii de Apel Cluj, destinate at\u00e2t speciali\u015ftilor \u00een drept, c\u00e2t \u015fi cet\u0103\u0163enilor interesa\u0163i de modul \u00een care au fost rezolvate anumite cazuri \u00een instan\u0163a noastr\u0103.<\/span><\/p>\n<\/div>\n<\/div><\/div><\/div><div id=\"panel-1814-0-0-2\" class=\"so-panel widget widget_xyz_insert_php_widget panel-last-child\" data-index=\"2\" ><div style=\"font-size:14px; margin-bottom:10px; color:#2F2F2F; font-family: Gotham, 'Helvetica Neue', Helvetica, Arial, sans-serif; font-weight:bold;\">Sec\u0163ia I civil\u0103<\/div>\r\n<script type=\"text\/javascript\" >\r\njQuery(document).ready(function($){\r\n\tjQuery( '#container-jurisprudenta-siciv' ).html( '<ul class=\"filetree start\"><li class=\"wait\">' + 'Generating Tree...' + '<li><\/ul>' );\r\n\t\r\n\tgetfilelist( $('#container-jurisprudenta-siciv') , 'documente\/jurispudenta\/sectia-I-civila' );\r\n\t\r\n\tfunction getfilelist( cont, root ) {\r\n\t\r\n\t\tjQuery( cont ).addClass( 'wait' );\r\n\t\t\r\n\t\tjQuery.post( 'https:\/\/www.curteadeapelcluj.ro\/Foldertree_jurisprudenta_siciv.php', { dir: root, baza_link:'https:\/\/www.curteadeapelcluj.ro'  }, function( data ) {\r\n\t\r\n\t\t\tjQuery( cont ).find( '.start' ).html( '' );\r\n\t\t\tjQuery( cont ).removeClass( 'wait' ).append( data );\r\n\t\t\tif( 'Sample' == root ) \r\n\t\t\t\t$( cont ).find('UL:hidden').show();\r\n\t\t\telse \r\n\t\t\t\t$( cont ).find('UL:hidden').slideDown({ duration: 500, easing: null });\r\n\t\t\t\r\n\t\t});\r\n\t}\r\n\t\r\n\tjQuery( '#container-jurisprudenta-siciv' ).on('click', 'LI A', function() {\r\n\t\tvar entry = $(this).parent();\r\n\t\t\r\n\t\tif( entry.hasClass('folder') ) {\r\n\t\t\tif( entry.hasClass('collapsed') ) {\r\n\t\t\t\t\t\t\r\n\t\t\t\tentry.find('UL').remove();\r\n\t\t\t\tgetfilelist( entry, escape( $(this).attr('rel') ));\r\n\t\t\t\tentry.removeClass('collapsed').addClass('expanded');\r\n\t\t\t}\r\n\t\t\telse {\r\n\t\t\t\t\r\n\t\t\t\tentry.find('UL').slideUp({ duration: 500, easing: null });\r\n\t\t\t\tentry.removeClass('expanded').addClass('collapsed');\r\n\t\t\t}\r\n\t\t} else {\r\n\t\t\tvar url = $(this).attr('href'); \r\n\t\t\twindow.open(url, '_blank');\r\n\t\t\t\/\/$( '#selected_file' ).text( \"File:  \" + $(this).attr( 'rel' ));\r\n\t\t}\r\n\treturn false;\r\n\t});\r\n\t\r\n\t\r\n});\r\n<\/script>\r\n\r\n<div id=\"container-jurisprudenta-siciv\"> <\/div>\r\n<!--<div id=\"selected_file\"><\/div>!-->\r\n\r\n\r\n<div style=\"font-size:14px; margin-bottom:10px; color:#2F2F2F; font-family: Gotham, 'Helvetica Neue', Helvetica, Arial, sans-serif; font-weight:bold;\">Sec\u0163ia II civil\u0103<\/div>\r\n<script type=\"text\/javascript\" >\r\njQuery(document).ready(function($){\r\n\tjQuery( '#container-jurisprudenta-s2' ).html( '<ul class=\"filetree start\"><li class=\"wait\">' + 'Generating Tree...' + '<li><\/ul>' );\r\n\t\r\n\tgetfilelist( $('#container-jurisprudenta-s2') , 'documente\/jurispudenta\/sectia-II-civila' );\r\n\t\r\n\tfunction getfilelist( cont, root ) {\r\n\t\r\n\t\tjQuery( cont ).addClass( 'wait' );\r\n\t\t\r\n\t\tjQuery.post( 'https:\/\/www.curteadeapelcluj.ro\/Foldertree_jurisprudenta_s2.php', { dir: root, baza_link:'https:\/\/www.curteadeapelcluj.ro'  }, function( data ) {\r\n\t\r\n\t\t\tjQuery( cont ).find( '.start' ).html( '' );\r\n\t\t\tjQuery( cont ).removeClass( 'wait' ).append( data );\r\n\t\t\tif( 'Sample' == root ) \r\n\t\t\t\t$( cont ).find('UL:hidden').show();\r\n\t\t\telse \r\n\t\t\t\t$( cont ).find('UL:hidden').slideDown({ duration: 500, easing: null });\r\n\t\t\t\r\n\t\t});\r\n\t}\r\n\t\r\n\tjQuery( '#container-jurisprudenta-s2' ).on('click', 'LI A', function() {\r\n\t\tvar entry = $(this).parent();\r\n\t\t\r\n\t\tif( entry.hasClass('folder') ) {\r\n\t\t\tif( entry.hasClass('collapsed') ) {\r\n\t\t\t\t\t\t\r\n\t\t\t\tentry.find('UL').remove();\r\n\t\t\t\tgetfilelist( entry, escape( $(this).attr('rel') ));\r\n\t\t\t\tentry.removeClass('collapsed').addClass('expanded');\r\n\t\t\t}\r\n\t\t\telse {\r\n\t\t\t\t\r\n\t\t\t\tentry.find('UL').slideUp({ duration: 500, easing: null });\r\n\t\t\t\tentry.removeClass('expanded').addClass('collapsed');\r\n\t\t\t}\r\n\t\t} else {\r\n\t\t\tvar url = $(this).attr('href'); \r\n\t\t\twindow.open(url, '_blank');\r\n\t\t\t\/\/$( '#selected_file' ).text( \"File:  \" + $(this).attr( 'rel' ));\r\n\t\t}\r\n\treturn false;\r\n\t});\r\n\t\r\n\t\r\n});\r\n<\/script>\r\n\r\n<div id=\"container-jurisprudenta-s2\"> <\/div>\r\n<!--<div id=\"selected_file\"><\/div>!-->\r\n\r\n\r\n<div style=\"font-size:14px; margin-bottom:10px; color:#2F2F2F; font-family: Gotham, 'Helvetica Neue', Helvetica, Arial, sans-serif; font-weight:bold; \">Sec\u0163ia a III-a contencios administrativ \u015fi fiscal<\/div>\r\n<script type=\"text\/javascript\" >\r\njQuery(document).ready(function($){\r\n\tjQuery( '#container-jurisprudenta-s3' ).html( '<ul class=\"filetree start\"><li class=\"wait\">' + 'Generating Tree...' + '<li><\/ul>' );\r\n\t\r\n\tgetfilelist( $('#container-jurisprudenta-s3') , 'documente\/jurispudenta\/sectia-III-contencios' );\r\n\t\r\n\tfunction getfilelist( cont, root ) {\r\n\t\r\n\t\tjQuery( cont ).addClass( 'wait' );\r\n\t\t\r\n\t\tjQuery.post( 'https:\/\/www.curteadeapelcluj.ro\/Foldertree_jurisprudenta_s3.php', { dir: root, baza_link:'https:\/\/www.curteadeapelcluj.ro'  }, function( data ) {\r\n\t\r\n\t\t\tjQuery( cont ).find( '.start' ).html( '' );\r\n\t\t\tjQuery( cont ).removeClass( 'wait' ).append( data );\r\n\t\t\tif( 'Sample' == root ) \r\n\t\t\t\t$( cont ).find('UL:hidden').show();\r\n\t\t\telse \r\n\t\t\t\t$( cont ).find('UL:hidden').slideDown({ duration: 500, easing: null });\r\n\t\t\t\r\n\t\t});\r\n\t}\r\n\t\r\n\tjQuery( '#container-jurisprudenta-s3' ).on('click', 'LI A', function() {\r\n\t\tvar entry = $(this).parent();\r\n\t\t\r\n\t\tif( entry.hasClass('folder') ) {\r\n\t\t\tif( entry.hasClass('collapsed') ) {\r\n\t\t\t\t\t\t\r\n\t\t\t\tentry.find('UL').remove();\r\n\t\t\t\tgetfilelist( entry, escape( $(this).attr('rel') ));\r\n\t\t\t\tentry.removeClass('collapsed').addClass('expanded');\r\n\t\t\t}\r\n\t\t\telse {\r\n\t\t\t\t\r\n\t\t\t\tentry.find('UL').slideUp({ duration: 500, easing: null });\r\n\t\t\t\tentry.removeClass('expanded').addClass('collapsed');\r\n\t\t\t}\r\n\t\t} else {\r\n\t\t\tvar url = $(this).attr('href'); \r\n\t\t\twindow.open(url, '_blank');\r\n\t\t\t\/\/$( '#selected_file' ).text( \"File:  \" + $(this).attr( 'rel' ));\r\n\t\t}\r\n\treturn false;\r\n\t});\r\n\t\r\n\t\r\n});\r\n<\/script>\r\n\r\n<div id=\"container-jurisprudenta-s3\"> <\/div>\r\n<!--<div id=\"selected_file\"><\/div>!-->\r\n\r\n\r\n<div style=\"font-size:14px; margin-bottom:10px; color:#2F2F2F; font-family: Gotham, 'Helvetica Neue', Helvetica, Arial, sans-serif; font-weight:bold;\">Sec\u0163ia a IV-a pentru litigii de munc\u0103 \u015fi asigur\u0103ri sociale<\/div>\r\n<script type=\"text\/javascript\" >\r\njQuery(document).ready(function($){\r\n\tjQuery( '#container-jurisprudenta-s4' ).html( '<ul class=\"filetree start\"><li class=\"wait\">' + 'Generating Tree...' + '<li><\/ul>' );\r\n\t\r\n\tgetfilelist( $('#container-jurisprudenta-s4') , 'documente\/jurispudenta\/sectia-IV' );\r\n\t\r\n\tfunction getfilelist( cont, root ) {\r\n\t\r\n\t\tjQuery( cont ).addClass( 'wait' );\r\n\t\t\r\n\t\tjQuery.post( 'https:\/\/www.curteadeapelcluj.ro\/Foldertree_jurisprudenta_s4.php', { dir: root, baza_link:'https:\/\/www.curteadeapelcluj.ro'  }, function( data ) {\r\n\t\r\n\t\t\tjQuery( cont ).find( '.start' ).html( '' );\r\n\t\t\tjQuery( cont ).removeClass( 'wait' ).append( data );\r\n\t\t\tif( 'Sample' == root ) \r\n\t\t\t\t$( cont ).find('UL:hidden').show();\r\n\t\t\telse \r\n\t\t\t\t$( cont ).find('UL:hidden').slideDown({ duration: 500, easing: null });\r\n\t\t\t\r\n\t\t});\r\n\t}\r\n\t\r\n\tjQuery( '#container-jurisprudenta-s4' ).on('click', 'LI A', function() {\r\n\t\tvar entry = $(this).parent();\r\n\t\t\r\n\t\tif( entry.hasClass('folder') ) {\r\n\t\t\tif( entry.hasClass('collapsed') ) {\r\n\t\t\t\t\t\t\r\n\t\t\t\tentry.find('UL').remove();\r\n\t\t\t\tgetfilelist( entry, escape( $(this).attr('rel') ));\r\n\t\t\t\tentry.removeClass('collapsed').addClass('expanded');\r\n\t\t\t}\r\n\t\t\telse {\r\n\t\t\t\t\r\n\t\t\t\tentry.find('UL').slideUp({ duration: 500, easing: null });\r\n\t\t\t\tentry.removeClass('expanded').addClass('collapsed');\r\n\t\t\t}\r\n\t\t} else {\r\n\t\t\tvar url = $(this).attr('href'); \r\n\t\t\twindow.open(url, '_blank');\r\n\t\t\t\/\/$( '#selected_file' ).text( \"File:  \" + $(this).attr( 'rel' ));\r\n\t\t}\r\n\treturn false;\r\n\t});\r\n\t\r\n\t\r\n});\r\n<\/script>\r\n\r\n<div id=\"container-jurisprudenta-s4\"> <\/div>\r\n<!--<div id=\"selected_file\"><\/div>!-->\r\n\r\n\r\n<div style=\"font-size:14px; margin-bottom:10px; color:#2F2F2F; font-family: Gotham, 'Helvetica Neue', Helvetica, Arial, sans-serif; font-weight:bold;\">Sec\u0163ia penal\u0103 \u015fi de minori<\/div>\r\n<script type=\"text\/javascript\" >\r\njQuery(document).ready(function($){\r\n\tjQuery( '#container-jurisprudenta-penal' ).html( '<ul class=\"filetree start\"><li class=\"wait\">' + 'Generating Tree...' + '<li><\/ul>' );\r\n\t\r\n\tgetfilelist( $('#container-jurisprudenta-penal') , 'documente\/jurispudenta\/sectia-penala' );\r\n\t\r\n\tfunction getfilelist( cont, root ) {\r\n\t\r\n\t\tjQuery( cont ).addClass( 'wait' );\r\n\t\t\r\n\t\tjQuery.post( 'https:\/\/www.curteadeapelcluj.ro\/Foldertree_jurisprudenta_penal.php', { dir: root, baza_link:'https:\/\/www.curteadeapelcluj.ro'  }, function( data ) {\r\n\t\r\n\t\t\tjQuery( cont ).find( '.start' ).html( '' );\r\n\t\t\tjQuery( cont ).removeClass( 'wait' ).append( data );\r\n\t\t\tif( 'Sample' == root ) \r\n\t\t\t\t$( cont ).find('UL:hidden').show();\r\n\t\t\telse \r\n\t\t\t\t$( cont ).find('UL:hidden').slideDown({ duration: 500, easing: null });\r\n\t\t\t\r\n\t\t});\r\n\t}\r\n\t\r\n\tjQuery( '#container-jurisprudenta-penal' ).on('click', 'LI A', function() {\r\n\t\tvar entry = $(this).parent();\r\n\t\t\r\n\t\tif( entry.hasClass('folder') ) {\r\n\t\t\tif( entry.hasClass('collapsed') ) {\r\n\t\t\t\t\t\t\r\n\t\t\t\tentry.find('UL').remove();\r\n\t\t\t\tgetfilelist( entry, escape( $(this).attr('rel') ));\r\n\t\t\t\tentry.removeClass('collapsed').addClass('expanded');\r\n\t\t\t}\r\n\t\t\telse {\r\n\t\t\t\t\r\n\t\t\t\tentry.find('UL').slideUp({ duration: 500, easing: null });\r\n\t\t\t\tentry.removeClass('expanded').addClass('collapsed');\r\n\t\t\t}\r\n\t\t} else {\r\n\t\t\tvar url = $(this).attr('href'); \r\n\t\t\twindow.open(url, '_blank');\r\n\t\t\t\/\/$( '#selected_file' ).text( \"File:  \" + $(this).attr( 'rel' ));\r\n\t\t}\r\n\treturn false;\r\n\t});\r\n\t\r\n\t\r\n});\r\n<\/script>\r\n\r\n<div id=\"container-jurisprudenta-penal\"> <\/div>\r\n<!--<div id=\"selected_file\"><\/div>!-->\r\n\r\n<\/div><\/div><\/div><\/div><\/div>","protected":false},"excerpt":{"rendered":"<p>Jurispruden\u0163\u0103 \u00cen aceast\u0103 pagin\u0103 au fost incluse hot\u0103r\u00e2ri relevante din practica sec\u0163iilor Cur\u0163ii de Apel Cluj, destinate at\u00e2t speciali\u015ftilor \u00een drept, c\u00e2t \u015fi cet\u0103\u0163enilor interesa\u0163i de modul \u00een care au fost rezolvate anumite cazuri \u00een instan\u0163a noastr\u0103.<\/p>\n","protected":false},"author":1,"featured_media":0,"parent":212,"menu_order":0,"comment_status":"closed","ping_status":"closed","template":"","meta":{"footnotes":""},"class_list":["post-1814","page","type-page","status-publish","hentry","post"],"_links":{"self":[{"href":"https:\/\/www.curteadeapelcluj.ro\/index.php\/wp-json\/wp\/v2\/pages\/1814","targetHints":{"allow":["GET"]}}],"collection":[{"href":"https:\/\/www.curteadeapelcluj.ro\/index.php\/wp-json\/wp\/v2\/pages"}],"about":[{"href":"https:\/\/www.curteadeapelcluj.ro\/index.php\/wp-json\/wp\/v2\/types\/page"}],"author":[{"embeddable":true,"href":"https:\/\/www.curteadeapelcluj.ro\/index.php\/wp-json\/wp\/v2\/users\/1"}],"replies":[{"embeddable":true,"href":"https:\/\/www.curteadeapelcluj.ro\/index.php\/wp-json\/wp\/v2\/comments?post=1814"}],"version-history":[{"count":77,"href":"https:\/\/www.curteadeapelcluj.ro\/index.php\/wp-json\/wp\/v2\/pages\/1814\/revisions"}],"predecessor-version":[{"id":4593,"href":"https:\/\/www.curteadeapelcluj.ro\/index.php\/wp-json\/wp\/v2\/pages\/1814\/revisions\/4593"}],"up":[{"embeddable":true,"href":"https:\/\/www.curteadeapelcluj.ro\/index.php\/wp-json\/wp\/v2\/pages\/212"}],"wp:attachment":[{"href":"https:\/\/www.curteadeapelcluj.ro\/index.php\/wp-json\/wp\/v2\/media?parent=1814"}],"curies":[{"name":"wp","href":"https:\/\/api.w.org\/{rel}","templated":true}]}}