{"id":1820,"date":"2019-08-05T10:36:33","date_gmt":"2019-08-05T07:36:33","guid":{"rendered":"http:\/\/10.15.51.60\/cacj\/?page_id=1820"},"modified":"2023-02-07T08:49:52","modified_gmt":"2023-02-07T06:49:52","slug":"situatia-platilor","status":"publish","type":"page","link":"https:\/\/www.curteadeapelcluj.ro\/index.php\/informatii-publice\/situatia-platilor.html","title":{"rendered":"Situa\u0163ia pl\u0103\u0163ilor"},"content":{"rendered":"<div id=\"pl-1820\"  class=\"panel-layout\" ><div id=\"pg-1820-0\"  class=\"panel-grid panel-has-style\" ><div class=\"siteorigin-panels-stretch panel-row-style panel-row-style-for-1820-0\" data-stretch-type=\"full\" ><div id=\"pgc-1820-0-0\"  class=\"panel-grid-cell\" ><div id=\"panel-1820-0-0-0\" class=\"so-panel widget widget_sow-editor panel-first-child panel-last-child\" data-index=\"0\" ><div\n\t\t\t\n\t\t\tclass=\"so-widget-sow-editor so-widget-sow-editor-base\"\n\t\t\t\n\t\t>\n<div class=\"siteorigin-widget-tinymce textwidget\">\n\t<p style=\"text-align: left;\"><span style=\"font-size: 20px; color: #000000; font-family: arial, helvetica, sans-serif;\">Situa\u0163ia Pl\u0103\u0163ilor<br \/>\n<img loading=\"lazy\" decoding=\"async\" class=\"alignleft wp-image-2601 size-full\" src=\"https:\/\/www.curteadeapelcluj.ro\/wp-content\/uploads\/2019\/10\/linie-subtitlu1200x1.png\" alt=\"\" width=\"800\" height=\"1\" srcset=\"https:\/\/www.curteadeapelcluj.ro\/wp-content\/uploads\/2019\/10\/linie-subtitlu1200x1.png 1200w, https:\/\/www.curteadeapelcluj.ro\/wp-content\/uploads\/2019\/10\/linie-subtitlu1200x1-150x1.png 150w, https:\/\/www.curteadeapelcluj.ro\/wp-content\/uploads\/2019\/10\/linie-subtitlu1200x1-300x1.png 300w, https:\/\/www.curteadeapelcluj.ro\/wp-content\/uploads\/2019\/10\/linie-subtitlu1200x1-768x1.png 768w, https:\/\/www.curteadeapelcluj.ro\/wp-content\/uploads\/2019\/10\/linie-subtitlu1200x1-1024x1.png 1024w, https:\/\/www.curteadeapelcluj.ro\/wp-content\/uploads\/2019\/10\/linie-subtitlu1200x1-720x1.png 720w, https:\/\/www.curteadeapelcluj.ro\/wp-content\/uploads\/2019\/10\/linie-subtitlu1200x1-1080x1.png 1080w, https:\/\/www.curteadeapelcluj.ro\/wp-content\/uploads\/2019\/10\/linie-subtitlu1200x1-960x1.png 960w, https:\/\/www.curteadeapelcluj.ro\/wp-content\/uploads\/2019\/10\/linie-subtitlu1200x1-272x1.png 272w, https:\/\/www.curteadeapelcluj.ro\/wp-content\/uploads\/2019\/10\/linie-subtitlu1200x1-436x1.png 436w\" sizes=\"auto, (max-width: 800px) 100vw, 800px\" \/><br \/>\n<\/span><\/p>\n<\/div>\n<\/div><\/div><\/div><\/div><\/div><div id=\"pg-1820-1\"  class=\"panel-grid panel-has-style\" ><div class=\"siteorigin-panels-stretch panel-row-style panel-row-style-for-1820-1\" data-stretch-type=\"full\" ><div id=\"pgc-1820-1-0\"  class=\"panel-grid-cell\" ><div id=\"panel-1820-1-0-0\" class=\"so-panel widget widget_sow-editor panel-first-child\" data-index=\"1\" ><div class=\"panel-widget-style panel-widget-style-for-1820-1-0-0\" ><div\n\t\t\t\n\t\t\tclass=\"so-widget-sow-editor so-widget-sow-editor-base\"\n\t\t\t\n\t\t>\n<div class=\"siteorigin-widget-tinymce textwidget\">\n\t<p><strong><span style=\"color: #000000;\">Sursele Financiare<\/span><br \/>\n<\/strong><\/p>\n<p class=\"custom-indent \" style=\"text-align: justify; font-style: normal; font-weight: normal; font-size: 14px;\">Mijloacele financiare necesare Cur\u0163ii de Apel Cluj sunt asigurate de la bugetul de stat, din timbrul judiciar, din amenzi judiciare, din cheltuieli judiciare \u015fi din alte surse extrabugetare. Administrarea acestora se realizeaz\u0103, potrivit legii, de c\u0103tre pre\u015fedintele Cur\u0163ii, care este ordonator secundar de credite.<\/p>\n<\/div>\n<\/div><\/div><\/div><div id=\"panel-1820-1-0-1\" class=\"so-panel widget widget_xyz_insert_php_widget\" data-index=\"2\" >Bilan\u0163 contabil<script type=\"text\/javascript\" >\r\njQuery(document).ready(function($){\r\n\tjQuery( '#container-sit-plati-bilant' ).html( '<ul class=\"filetree start\"><li class=\"wait\">' + 'Generating Tree...' + '<li><\/ul>' );\r\n\t\r\n\tgetfilelist( $('#container-sit-plati-bilant') , 'documente\/\/informatii_publice\/surse-financiare\/bilant' );\r\n\t\r\n\tfunction getfilelist( cont, root ) {\r\n\t\r\n\t\tjQuery( cont ).addClass( 'wait' );\r\n\t\t\r\n\t\tjQuery.post( 'https:\/\/www.curteadeapelcluj.ro\/Foldertree_sit_plati_bilant.php', { dir: root, baza_link:'https:\/\/www.curteadeapelcluj.ro'  }, function( data ) {\r\n\t\r\n\t\t\tjQuery( cont ).find( '.start' ).html( '' );\r\n\t\t\tjQuery( cont ).removeClass( 'wait' ).append( data );\r\n\t\t\tif( 'Sample' == root ) \r\n\t\t\t\t$( cont ).find('UL:hidden').show();\r\n\t\t\telse \r\n\t\t\t\t$( cont ).find('UL:hidden').slideDown({ duration: 500, easing: null });\r\n\t\t\t\r\n\t\t});\r\n\t}\r\n\t\r\n\tjQuery( '#container-sit-plati-bilant' ).on('click', 'LI A', function() {\r\n\t\tvar entry = $(this).parent();\r\n\t\t\r\n\t\tif( entry.hasClass('folder') ) {\r\n\t\t\tif( entry.hasClass('collapsed') ) {\r\n\t\t\t\t\t\t\r\n\t\t\t\tentry.find('UL').remove();\r\n\t\t\t\tgetfilelist( entry, escape( $(this).attr('rel') ));\r\n\t\t\t\tentry.removeClass('collapsed').addClass('expanded');\r\n\t\t\t}\r\n\t\t\telse {\r\n\t\t\t\t\r\n\t\t\t\tentry.find('UL').slideUp({ duration: 500, easing: null });\r\n\t\t\t\tentry.removeClass('expanded').addClass('collapsed');\r\n\t\t\t}\r\n\t\t} else {\r\n\t\t\tvar url = $(this).attr('href'); \r\n\t\t\twindow.open(url, '_blank');\r\n\t\t\t\/\/$( '#selected_file' ).text( \"File:  \" + $(this).attr( 'rel' ));\r\n\t\t}\r\n\treturn false;\r\n\t});\r\n\t\r\n\t\r\n});\r\n<\/script>\r\n\r\n<div id=\"container-sit-plati-bilant\"> <\/div>\r\n<!--<div id=\"selected_file\"><\/div>!-->\r\n\r\n<\/div><div id=\"panel-1820-1-0-2\" class=\"so-panel widget widget_xyz_insert_php_widget\" data-index=\"3\" >Buget<script type=\"text\/javascript\" >\r\njQuery(document).ready(function($){\r\n\tjQuery( '#container-sit-plati-buget' ).html( '<ul class=\"filetree start\"><li class=\"wait\">' + 'Generating Tree...' + '<li><\/ul>' );\r\n\t\r\n\tgetfilelist( $('#container-sit-plati-buget') , 'documente\/\/informatii_publice\/buget' );\r\n\t\r\n\tfunction getfilelist( cont, root ) {\r\n\t\r\n\t\tjQuery( cont ).addClass( 'wait' );\r\n\t\t\r\n\t\tjQuery.post( 'https:\/\/www.curteadeapelcluj.ro\/Foldertree_sit_plati_buget.php', { dir: root, baza_link:'https:\/\/www.curteadeapelcluj.ro'  }, function( data ) {\r\n\t\r\n\t\t\tjQuery( cont ).find( '.start' ).html( '' );\r\n\t\t\tjQuery( cont ).removeClass( 'wait' ).append( data );\r\n\t\t\tif( 'Sample' == root ) \r\n\t\t\t\t$( cont ).find('UL:hidden').show();\r\n\t\t\telse \r\n\t\t\t\t$( cont ).find('UL:hidden').slideDown({ duration: 500, easing: null });\r\n\t\t\t\r\n\t\t});\r\n\t}\r\n\t\r\n\tjQuery( '#container-sit-plati-buget' ).on('click', 'LI A', function() {\r\n\t\tvar entry = $(this).parent();\r\n\t\t\r\n\t\tif( entry.hasClass('folder') ) {\r\n\t\t\tif( entry.hasClass('collapsed') ) {\r\n\t\t\t\t\t\t\r\n\t\t\t\tentry.find('UL').remove();\r\n\t\t\t\tgetfilelist( entry, escape( $(this).attr('rel') ));\r\n\t\t\t\tentry.removeClass('collapsed').addClass('expanded');\r\n\t\t\t}\r\n\t\t\telse {\r\n\t\t\t\t\r\n\t\t\t\tentry.find('UL').slideUp({ duration: 500, easing: null });\r\n\t\t\t\tentry.removeClass('expanded').addClass('collapsed');\r\n\t\t\t}\r\n\t\t} else {\r\n\t\t\tvar url = $(this).attr('href'); \r\n\t\t\twindow.open(url, '_blank');\r\n\t\t\t\/\/$( '#selected_file' ).text( \"File:  \" + $(this).attr( 'rel' ));\r\n\t\t}\r\n\treturn false;\r\n\t});\r\n\t\r\n\t\r\n});\r\n<\/script>\r\n\r\n<div id=\"container-sit-plati-buget\"> <\/div>\r\n<!--<div id=\"selected_file\"><\/div>!-->\r\n\r\n<\/div><div id=\"panel-1820-1-0-3\" class=\"so-panel widget widget_xyz_insert_php_widget\" data-index=\"4\" >Situa\u0163ia pl\u0103\u0163ilor<script type=\"text\/javascript\" >\r\njQuery(document).ready(function($){\r\n\tjQuery( '#container-sit-plati' ).html( '<ul class=\"filetree start\"><li class=\"wait\">' + 'Generating Tree...' + '<li><\/ul>' );\r\n\t\r\n\tgetfilelist( $('#container-sit-plati') , 'documente\/informatii_publice\/situatia-platilor' );\r\n\t\r\n\tfunction getfilelist( cont, root ) {\r\n\t\r\n\t\tjQuery( cont ).addClass( 'wait' );\r\n\t\t\r\n\t\tjQuery.post( 'https:\/\/www.curteadeapelcluj.ro\/Foldertree_sit_plati.php', { dir: root, baza_link:'https:\/\/www.curteadeapelcluj.ro'  }, function( data ) {\r\n\t\r\n\t\t\tjQuery( cont ).find( '.start' ).html( '' );\r\n\t\t\tjQuery( cont ).removeClass( 'wait' ).append( data );\r\n\t\t\tif( 'Sample' == root ) \r\n\t\t\t\t$( cont ).find('UL:hidden').show();\r\n\t\t\telse \r\n\t\t\t\t$( cont ).find('UL:hidden').slideDown({ duration: 500, easing: null });\r\n\t\t\t\r\n\t\t});\r\n\t}\r\n\t\r\n\tjQuery( '#container-sit-plati' ).on('click', 'LI A', function() {\r\n\t\tvar entry = $(this).parent();\r\n\t\t\r\n\t\tif( entry.hasClass('folder') ) {\r\n\t\t\tif( entry.hasClass('collapsed') ) {\r\n\t\t\t\t\t\t\r\n\t\t\t\tentry.find('UL').remove();\r\n\t\t\t\tgetfilelist( entry, escape( $(this).attr('rel') ));\r\n\t\t\t\tentry.removeClass('collapsed').addClass('expanded');\r\n\t\t\t}\r\n\t\t\telse {\r\n\t\t\t\t\r\n\t\t\t\tentry.find('UL').slideUp({ duration: 500, easing: null });\r\n\t\t\t\tentry.removeClass('expanded').addClass('collapsed');\r\n\t\t\t}\r\n\t\t} else {\r\n\t\t\tvar url = $(this).attr('href'); \r\n\t\t\twindow.open(url, '_blank');\r\n\t\t\t\/\/$( '#selected_file' ).text( \"File:  \" + $(this).attr( 'rel' ));\r\n\t\t}\r\n\treturn false;\r\n\t});\r\n\t\r\n\t\r\n});\r\n<\/script>\r\n\r\n<div id=\"container-sit-plati\"> <\/div>\r\n<!--<div id=\"selected_file\"><\/div>!-->\r\n\r\n<\/div><div id=\"panel-1820-1-0-4\" class=\"so-panel widget widget_xyz_insert_php_widget panel-last-child\" data-index=\"5\" >Plan de achizi\u0163ii anual<script type=\"text\/javascript\" >\r\njQuery(document).ready(function($){\r\n\tjQuery( '#container-sit-plati-plan-achizitii' ).html( '<ul class=\"filetree start\"><li class=\"wait\">' + 'Generating Tree...' + '<li><\/ul>' );\r\n\t\r\n\tgetfilelist( $('#container-sit-plati-plan-achizitii') , 'documente\/informatii_publice\/plan_de_achizitii_anuale' );\r\n\t\r\n\tfunction getfilelist( cont, root ) {\r\n\t\r\n\t\tjQuery( cont ).addClass( 'wait' );\r\n\t\t\r\n\t\tjQuery.post( 'https:\/\/www.curteadeapelcluj.ro\/Foldertree_sit_plati_plan_achizitii.php', { dir: root, baza_link:'https:\/\/www.curteadeapelcluj.ro'  }, function( data ) {\r\n\t\r\n\t\t\tjQuery( cont ).find( '.start' ).html( '' );\r\n\t\t\tjQuery( cont ).removeClass( 'wait' ).append( data );\r\n\t\t\tif( 'Sample' == root ) \r\n\t\t\t\t$( cont ).find('UL:hidden').show();\r\n\t\t\telse \r\n\t\t\t\t$( cont ).find('UL:hidden').slideDown({ duration: 500, easing: null });\r\n\t\t\t\r\n\t\t});\r\n\t}\r\n\t\r\n\tjQuery( '#container-sit-plati-plan-achizitii' ).on('click', 'LI A', function() {\r\n\t\tvar entry = $(this).parent();\r\n\t\t\r\n\t\tif( entry.hasClass('folder') ) {\r\n\t\t\tif( entry.hasClass('collapsed') ) {\r\n\t\t\t\t\t\t\r\n\t\t\t\tentry.find('UL').remove();\r\n\t\t\t\tgetfilelist( entry, escape( $(this).attr('rel') ));\r\n\t\t\t\tentry.removeClass('collapsed').addClass('expanded');\r\n\t\t\t}\r\n\t\t\telse {\r\n\t\t\t\t\r\n\t\t\t\tentry.find('UL').slideUp({ duration: 500, easing: null });\r\n\t\t\t\tentry.removeClass('expanded').addClass('collapsed');\r\n\t\t\t}\r\n\t\t} else {\r\n\t\t\tvar url = $(this).attr('href'); \r\n\t\t\twindow.open(url, '_blank');\r\n\t\t\t\/\/$( '#selected_file' ).text( \"File:  \" + $(this).attr( 'rel' ));\r\n\t\t}\r\n\treturn false;\r\n\t});\r\n\t\r\n\t\r\n});\r\n<\/script>\r\n\r\n<div id=\"container-sit-plati-plan-achizitii\"> <\/div>\r\n<!--<div id=\"selected_file\"><\/div>!-->\r\n\r\n<\/div><\/div><\/div><\/div><\/div>","protected":false},"excerpt":{"rendered":"<p>Situa\u0163ia Pl\u0103\u0163ilor Sursele Financiare Mijloacele financiare necesare Cur\u0163ii de Apel Cluj sunt asigurate de la bugetul de stat, din timbrul judiciar, din amenzi judiciare, din cheltuieli judiciare \u015fi din alte surse extrabugetare. Administrarea acestora se realizeaz\u0103, potrivit legii, de c\u0103tre pre\u015fedintele Cur\u0163ii, care este ordonator secundar de credite.<\/p>\n","protected":false},"author":1,"featured_media":0,"parent":2478,"menu_order":0,"comment_status":"closed","ping_status":"closed","template":"","meta":{"footnotes":""},"class_list":["post-1820","page","type-page","status-publish","hentry","post"],"_links":{"self":[{"href":"https:\/\/www.curteadeapelcluj.ro\/index.php\/wp-json\/wp\/v2\/pages\/1820","targetHints":{"allow":["GET"]}}],"collection":[{"href":"https:\/\/www.curteadeapelcluj.ro\/index.php\/wp-json\/wp\/v2\/pages"}],"about":[{"href":"https:\/\/www.curteadeapelcluj.ro\/index.php\/wp-json\/wp\/v2\/types\/page"}],"author":[{"embeddable":true,"href":"https:\/\/www.curteadeapelcluj.ro\/index.php\/wp-json\/wp\/v2\/users\/1"}],"replies":[{"embeddable":true,"href":"https:\/\/www.curteadeapelcluj.ro\/index.php\/wp-json\/wp\/v2\/comments?post=1820"}],"version-history":[{"count":35,"href":"https:\/\/www.curteadeapelcluj.ro\/index.php\/wp-json\/wp\/v2\/pages\/1820\/revisions"}],"predecessor-version":[{"id":4513,"href":"https:\/\/www.curteadeapelcluj.ro\/index.php\/wp-json\/wp\/v2\/pages\/1820\/revisions\/4513"}],"up":[{"embeddable":true,"href":"https:\/\/www.curteadeapelcluj.ro\/index.php\/wp-json\/wp\/v2\/pages\/2478"}],"wp:attachment":[{"href":"https:\/\/www.curteadeapelcluj.ro\/index.php\/wp-json\/wp\/v2\/media?parent=1820"}],"curies":[{"name":"wp","href":"https:\/\/api.w.org\/{rel}","templated":true}]}}