{"id":1824,"date":"2019-08-05T10:37:13","date_gmt":"2019-08-05T07:37:13","guid":{"rendered":"http:\/\/10.15.51.60\/cacj\/?page_id=1824"},"modified":"2023-02-07T09:05:35","modified_gmt":"2023-02-07T07:05:35","slug":"declaratii","status":"publish","type":"page","link":"https:\/\/www.curteadeapelcluj.ro\/index.php\/informatii-publice\/declaratii.html","title":{"rendered":"Declara\u0163ii"},"content":{"rendered":"<div id=\"pl-1824\"  class=\"panel-layout\" ><div id=\"pg-1824-0\"  class=\"panel-grid panel-has-style\" ><div class=\"siteorigin-panels-stretch panel-row-style panel-row-style-for-1824-0\" data-stretch-type=\"full\" ><div id=\"pgc-1824-0-0\"  class=\"panel-grid-cell\" ><div id=\"panel-1824-0-0-0\" class=\"so-panel widget widget_sow-editor panel-first-child\" data-index=\"0\" ><div class=\"panel-widget-style panel-widget-style-for-1824-0-0-0\" ><div\n\t\t\t\n\t\t\tclass=\"so-widget-sow-editor so-widget-sow-editor-base\"\n\t\t\t\n\t\t>\n<div class=\"siteorigin-widget-tinymce textwidget\">\n\t<p style=\"text-align: left;\"><span style=\"font-size: 20px; color: #000000;\"><span style=\"font-family: arial, helvetica, sans-serif;\">Declaratii<br \/>\n<img loading=\"lazy\" decoding=\"async\" class=\"alignleft wp-image-2601 size-full\" src=\"https:\/\/www.curteadeapelcluj.ro\/wp-content\/uploads\/2019\/10\/linie-subtitlu1200x1.png\" alt=\"\" width=\"1200\" height=\"1\" srcset=\"https:\/\/www.curteadeapelcluj.ro\/wp-content\/uploads\/2019\/10\/linie-subtitlu1200x1.png 1200w, https:\/\/www.curteadeapelcluj.ro\/wp-content\/uploads\/2019\/10\/linie-subtitlu1200x1-150x1.png 150w, https:\/\/www.curteadeapelcluj.ro\/wp-content\/uploads\/2019\/10\/linie-subtitlu1200x1-300x1.png 300w, https:\/\/www.curteadeapelcluj.ro\/wp-content\/uploads\/2019\/10\/linie-subtitlu1200x1-768x1.png 768w, https:\/\/www.curteadeapelcluj.ro\/wp-content\/uploads\/2019\/10\/linie-subtitlu1200x1-1024x1.png 1024w, https:\/\/www.curteadeapelcluj.ro\/wp-content\/uploads\/2019\/10\/linie-subtitlu1200x1-720x1.png 720w, https:\/\/www.curteadeapelcluj.ro\/wp-content\/uploads\/2019\/10\/linie-subtitlu1200x1-1080x1.png 1080w, https:\/\/www.curteadeapelcluj.ro\/wp-content\/uploads\/2019\/10\/linie-subtitlu1200x1-960x1.png 960w, https:\/\/www.curteadeapelcluj.ro\/wp-content\/uploads\/2019\/10\/linie-subtitlu1200x1-272x1.png 272w, https:\/\/www.curteadeapelcluj.ro\/wp-content\/uploads\/2019\/10\/linie-subtitlu1200x1-436x1.png 436w\" sizes=\"auto, (max-width: 1200px) 100vw, 1200px\" \/><br \/>\n<\/span><\/span><\/p>\n<\/div>\n<\/div><\/div><\/div><div id=\"panel-1824-0-0-1\" class=\"so-panel widget widget_sow-editor panel-last-child\" data-index=\"1\" ><div\n\t\t\t\n\t\t\tclass=\"so-widget-sow-editor so-widget-sow-editor-base\"\n\t\t\t\n\t\t>\n<div class=\"siteorigin-widget-tinymce textwidget\">\n\t<p class=\"custom-indent\" style=\"text-align: justify; font-size: 14px;\">\u00cen sec\u0163iunea de fa\u0163\u0103 ve\u0163i g\u0103si declara\u0163iile de avere, declara\u0163ii de interese \u015fi declara\u0163ii privind gradul de rudenie cu persoane ce desf\u0103\u015foar\u0103 o activitate juridic\u0103, de investigare sau cercetare penal\u0103 ale judec\u0103torilor, personalului auxiliar de specialitate \u015fi ale func\u0163ionarilor publici din cadrul Cur\u0163ii de Apel Cluj, precum \u015fi a instan\u0163elor din raza teritorial\u0103 a acesteia.<\/p>\n<p class=\"custom-indent\" style=\"text-align: justify; font-size: 14px;\">Declara\u0163iile de avere \u015fi de interese date de judec\u0103tori se depun la prim-grefierul instan\u0163ei, care, \u00een termen de 48 de ore de la primirea \u015fi \u00eenregistrarea declara\u0163iilor le transmite la Consiliul Superior al Magistraturii, potrivit dispozi\u0163iilor art. 9 alin. 2 lit. d \u015fi h din Legea 144\/2007 privind \u00eenfiin\u0163area, organizarea \u015fi func\u0163ionarea Agen\u0163iei Na\u0163ionale de Integritate. Declara\u0163iile de avere \u015fi de interese date de celelalte categorii de personal se depun la persoana desemnat\u0103 de c\u0103tre pre\u015fedinte instan\u0163ei \u015fi, ulterior \u00eenregistr\u0103rii acestora, declara\u0163iile se \u00eenainteaz\u0103 la Agen\u0163ia Na\u0163ional\u0103 de Integritate.<\/p>\n<p class=\"custom-indent\" style=\"text-align: justify; font-size: 14px;\">Declara\u0163iile date de c\u0103tre magistra\u0163i \u00een conformitate cu dispozi\u0163iile art. 5 alin. 3 din Legea nr. 303\/2004 cu modific\u0103rile ulterioare, privind statutul judec\u0103torilor \u015fi procurorilor, \u00een leg\u0103tur\u0103 cu gradul de rudenie, se \u00eenregistreaz\u0103 \u015fi se depun la prim-grefierul instan\u0163ei, care dup\u0103 \u00eenregistrare le transmite la Consiliul Superior al Magistraturii.<\/p>\n<p class=\"custom-indent\" style=\"text-align: justify; font-size: 14px;\">Declara\u0163iile date de c\u0103tre celelalte categorii de personal date \u00een conformitate cu dispozi\u0163iile art. 5 alin. 3 din Legea nr. 303\/2004 cu modific\u0103rile ulterioare, privind statutul judec\u0103torilor \u015fi procurorilor, \u00een leg\u0103tur\u0103 cu gradul de rudenie, se \u00eenregistreaz\u0103 \u015fi se depun la persoana desemnat\u0103 de c\u0103tre pre\u015fedinte instan\u0163ei \u015fi se p\u0103streaz\u0103 la dosarul personal.<\/p>\n<\/div>\n<\/div><\/div><\/div><\/div><\/div><div id=\"pg-1824-1\"  class=\"panel-grid panel-has-style\" ><div class=\"siteorigin-panels-stretch panel-row-style panel-row-style-for-1824-1\" data-stretch-type=\"full\" ><div id=\"pgc-1824-1-0\"  class=\"panel-grid-cell\" ><div id=\"panel-1824-1-0-0\" class=\"so-panel widget widget_sow-editor panel-first-child\" data-index=\"2\" ><div class=\"panel-widget-style panel-widget-style-for-1824-1-0-0\" ><div\n\t\t\t\n\t\t\tclass=\"so-widget-sow-editor so-widget-sow-editor-base\"\n\t\t\t\n\t\t>\n<div class=\"siteorigin-widget-tinymce textwidget\">\n\t<p><em><span style=\"font-size: 14px;\"><span style=\"color: #000000;\">Declara\u0163ii de avere<\/span><br \/>\n<\/span><\/em><span style=\"font-size: 14px;\">\u00a0\u00a0\u00a0\u00a0\u00a0\u00a0\u00a0 Potrivit art. 9 din Legea 144\/2007 privind Agen\u0163ia Na\u0163ional\u0103 de Integritate personalul auxiliar de specialitate \u015fi func\u0163ionarii publici au obliga\u0163ia depunerii unei declara\u0163ii de avere care se actualizeaz\u0103 periodic, iar institu\u0163ia asigur\u0103 publicarea acesteia pe pagina de internet conform celor de mai jos:<\/span><\/p>\n<\/div>\n<\/div><\/div><\/div><div id=\"panel-1824-1-0-1\" class=\"so-panel widget widget_xyz_insert_php_widget\" data-index=\"3\" ><script type=\"text\/javascript\" >\r\njQuery(document).ready(function($){\r\n\tjQuery( '#container-declaratii-avere' ).html( '<ul class=\"filetree start\"><li class=\"wait\">' + 'Generating Tree...' + '<li><\/ul>' );\r\n\t\r\n\tgetfilelist( $('#container-declaratii-avere') , 'documente\/declaratii\/declaratii-avere' );\r\n\t\r\n\tfunction getfilelist( cont, root ) {\r\n\t\r\n\t\tjQuery( cont ).addClass( 'wait' );\r\n\t\t\r\n\t\tjQuery.post( 'https:\/\/www.curteadeapelcluj.ro\/Foldertree_declaratii_avere.php', { dir: root, baza_link:'https:\/\/www.curteadeapelcluj.ro'  }, function( data ) {\r\n\t\r\n\t\t\tjQuery( cont ).find( '.start' ).html( '' );\r\n\t\t\tjQuery( cont ).removeClass( 'wait' ).append( data );\r\n\t\t\tif( 'Sample' == root ) \r\n\t\t\t\t$( cont ).find('UL:hidden').show();\r\n\t\t\telse \r\n\t\t\t\t$( cont ).find('UL:hidden').slideDown({ duration: 500, easing: null });\r\n\t\t\t\r\n\t\t});\r\n\t}\r\n\t\r\n\tjQuery( '#container-declaratii-avere' ).on('click', 'LI A', function() {\r\n\t\tvar entry = $(this).parent();\r\n\t\t\r\n\t\tif( entry.hasClass('folder') ) {\r\n\t\t\tif( entry.hasClass('collapsed') ) {\r\n\t\t\t\t\t\t\r\n\t\t\t\tentry.find('UL').remove();\r\n\t\t\t\tgetfilelist( entry, escape( $(this).attr('rel') ));\r\n\t\t\t\tentry.removeClass('collapsed').addClass('expanded');\r\n\t\t\t}\r\n\t\t\telse {\r\n\t\t\t\t\r\n\t\t\t\tentry.find('UL').slideUp({ duration: 500, easing: null });\r\n\t\t\t\tentry.removeClass('expanded').addClass('collapsed');\r\n\t\t\t}\r\n\t\t} else {\r\n\t\t\tvar url = $(this).attr('href'); \r\n\t\t\twindow.open(url, '_blank');\r\n\t\t\t\/\/$( '#selected_file' ).text( \"File:  \" + $(this).attr( 'rel' ));\r\n\t\t}\r\n\treturn false;\r\n\t});\r\n\t\r\n\t\r\n});\r\n<\/script>\r\n\r\n<div id=\"container-declaratii-avere\"> <\/div>\r\n<!--<div id=\"selected_file\"><\/div>!-->\r\n\r\n<\/div><div id=\"panel-1824-1-0-2\" class=\"so-panel widget widget_sow-editor\" data-index=\"4\" ><div class=\"panel-widget-style panel-widget-style-for-1824-1-0-2\" ><div\n\t\t\t\n\t\t\tclass=\"so-widget-sow-editor so-widget-sow-editor-base\"\n\t\t\t\n\t\t>\n<div class=\"siteorigin-widget-tinymce textwidget\">\n\t<p><span style=\"font-size: 14px; color: #000000;\"><em>Declara\u0163ii de interese<\/em><\/span><br \/>\n<span style=\"font-size: 14px;\">\u00a0\u00a0\u00a0\u00a0\u00a0\u00a0\u00a0 \u00cen conformitate cu dispozi\u0163iile art. 9 alin. 2 litera d \u015fi h din Legea nr. 144\/2007 cu referire la art. 111 din Legea 161\/2003, reg\u0103si\u0163i mai jos declara\u0163iile de interese ale personalului auxiliar de specialitate \u015fi ale func\u0163ionarilor publici.<\/span><br \/>\n<span style=\"font-size: 14px;\">\u00a0\u00a0\u00a0\u00a0\u00a0\u00a0\u00a0 Func\u0163iile \u015fi activit\u0103\u0163ile ce se includ \u00een declara\u0163ia de interese sunt:<\/span><br \/>\n<span style=\"font-size: 14px;\">a) calitatea de asociat sau ac\u0163ionar la societ\u0103\u0163i comerciale \u015fi alte asocia\u0163ii, institu\u0163ii sau grupuri de interes economic;<\/span><br \/>\n<span style=\"font-size: 14px;\">b) func\u0163ia de membru \u00een organele de conducere, administrare \u015fi control ale acestora;<\/span><br \/>\n<span style=\"font-size: 14px;\">c) calitatea de membru \u00een asocia\u0163ii profesionale sau sindicale;<\/span><br \/>\n<span style=\"font-size: 14px;\">d) calitatea de membru \u00een organele de conducere, administrare \u015fi control, retribuite sau neretribuite de\u0163inute \u00een cadrul partidelor politice.<\/span><\/p>\n<\/div>\n<\/div><\/div><\/div><div id=\"panel-1824-1-0-3\" class=\"so-panel widget widget_xyz_insert_php_widget panel-last-child\" data-index=\"5\" ><script type=\"text\/javascript\" >\r\njQuery(document).ready(function($){\r\n\tjQuery( '#container-declaratii-interese' ).html( '<ul class=\"filetree start\"><li class=\"wait\">' + 'Generating Tree...' + '<li><\/ul>' );\r\n\t\r\n\tgetfilelist( $('#container-declaratii-interese') , 'documente\/declaratii\/declaratii-interese' );\r\n\t\r\n\tfunction getfilelist( cont, root ) {\r\n\t\r\n\t\tjQuery( cont ).addClass( 'wait' );\r\n\t\t\r\n\t\tjQuery.post( 'https:\/\/www.curteadeapelcluj.ro\/Foldertree_declaratii_interese.php', { dir: root, baza_link:'https:\/\/www.curteadeapelcluj.ro'  }, function( data ) {\r\n\t\r\n\t\t\tjQuery( cont ).find( '.start' ).html( '' );\r\n\t\t\tjQuery( cont ).removeClass( 'wait' ).append( data );\r\n\t\t\tif( 'Sample' == root ) \r\n\t\t\t\t$( cont ).find('UL:hidden').show();\r\n\t\t\telse \r\n\t\t\t\t$( cont ).find('UL:hidden').slideDown({ duration: 500, easing: null });\r\n\t\t\t\r\n\t\t});\r\n\t}\r\n\t\r\n\tjQuery( '#container-declaratii-interese' ).on('click', 'LI A', function() {\r\n\t\tvar entry = $(this).parent();\r\n\t\t\r\n\t\tif( entry.hasClass('folder') ) {\r\n\t\t\tif( entry.hasClass('collapsed') ) {\r\n\t\t\t\t\t\t\r\n\t\t\t\tentry.find('UL').remove();\r\n\t\t\t\tgetfilelist( entry, escape( $(this).attr('rel') ));\r\n\t\t\t\tentry.removeClass('collapsed').addClass('expanded');\r\n\t\t\t}\r\n\t\t\telse {\r\n\t\t\t\t\r\n\t\t\t\tentry.find('UL').slideUp({ duration: 500, easing: null });\r\n\t\t\t\tentry.removeClass('expanded').addClass('collapsed');\r\n\t\t\t}\r\n\t\t} else {\r\n\t\t\tvar url = $(this).attr('href'); \r\n\t\t\twindow.open(url, '_blank');\r\n\t\t\t\/\/$( '#selected_file' ).text( \"File:  \" + $(this).attr( 'rel' ));\r\n\t\t}\r\n\treturn false;\r\n\t});\r\n\t\r\n\t\r\n});\r\n<\/script>\r\n\r\n<div id=\"container-declaratii-interese\"> <\/div>\r\n<!--<div id=\"selected_file\"><\/div>!-->\r\n\r\n<\/div><\/div><\/div><\/div><\/div>","protected":false},"excerpt":{"rendered":"<p>Declaratii \u00cen sec\u0163iunea de fa\u0163\u0103 ve\u0163i g\u0103si declara\u0163iile de avere, declara\u0163ii de interese \u015fi declara\u0163ii privind gradul de rudenie cu persoane ce desf\u0103\u015foar\u0103 o activitate juridic\u0103, de investigare sau cercetare penal\u0103 ale judec\u0103torilor, personalului auxiliar de specialitate \u015fi ale func\u0163ionarilor publici din cadrul Cur\u0163ii de Apel Cluj, precum \u015fi a instan\u0163elor din raza teritorial\u0103 a [&hellip;]<\/p>\n","protected":false},"author":1,"featured_media":0,"parent":2478,"menu_order":0,"comment_status":"closed","ping_status":"closed","template":"","meta":{"footnotes":""},"class_list":["post-1824","page","type-page","status-publish","hentry","post"],"_links":{"self":[{"href":"https:\/\/www.curteadeapelcluj.ro\/index.php\/wp-json\/wp\/v2\/pages\/1824","targetHints":{"allow":["GET"]}}],"collection":[{"href":"https:\/\/www.curteadeapelcluj.ro\/index.php\/wp-json\/wp\/v2\/pages"}],"about":[{"href":"https:\/\/www.curteadeapelcluj.ro\/index.php\/wp-json\/wp\/v2\/types\/page"}],"author":[{"embeddable":true,"href":"https:\/\/www.curteadeapelcluj.ro\/index.php\/wp-json\/wp\/v2\/users\/1"}],"replies":[{"embeddable":true,"href":"https:\/\/www.curteadeapelcluj.ro\/index.php\/wp-json\/wp\/v2\/comments?post=1824"}],"version-history":[{"count":21,"href":"https:\/\/www.curteadeapelcluj.ro\/index.php\/wp-json\/wp\/v2\/pages\/1824\/revisions"}],"predecessor-version":[{"id":4521,"href":"https:\/\/www.curteadeapelcluj.ro\/index.php\/wp-json\/wp\/v2\/pages\/1824\/revisions\/4521"}],"up":[{"embeddable":true,"href":"https:\/\/www.curteadeapelcluj.ro\/index.php\/wp-json\/wp\/v2\/pages\/2478"}],"wp:attachment":[{"href":"https:\/\/www.curteadeapelcluj.ro\/index.php\/wp-json\/wp\/v2\/media?parent=1824"}],"curies":[{"name":"wp","href":"https:\/\/api.w.org\/{rel}","templated":true}]}}