{"id":1854,"date":"2019-08-07T08:58:48","date_gmt":"2019-08-07T05:58:48","guid":{"rendered":"http:\/\/10.15.51.60\/cacj\/?page_id=1854"},"modified":"2021-12-13T09:42:55","modified_gmt":"2021-12-13T07:42:55","slug":"info-utile","status":"publish","type":"page","link":"https:\/\/www.curteadeapelcluj.ro\/index.php\/utile\/info-utile.html","title":{"rendered":"Info utile"},"content":{"rendered":"<div id=\"pl-1854\"  class=\"panel-layout\" ><div id=\"pg-1854-0\"  class=\"panel-grid panel-has-style\" ><div class=\"siteorigin-panels-stretch panel-row-style panel-row-style-for-1854-0\" data-stretch-type=\"full\" ><div id=\"pgc-1854-0-0\"  class=\"panel-grid-cell\" ><div id=\"panel-1854-0-0-0\" class=\"so-panel widget widget_sow-editor panel-first-child\" data-index=\"0\" ><div class=\"panel-widget-style panel-widget-style-for-1854-0-0-0\" ><div\n\t\t\t\n\t\t\tclass=\"so-widget-sow-editor so-widget-sow-editor-base\"\n\t\t\t\n\t\t>\n<div class=\"siteorigin-widget-tinymce textwidget\">\n\t<p style=\"text-align: left;\"><span style=\"font-size: 20px; color: #000000;\"><span style=\"font-family: arial, helvetica, sans-serif;\">Informa\u0163ii Utile<br \/>\n<img loading=\"lazy\" decoding=\"async\" class=\"alignleft wp-image-2601 size-full\" src=\"https:\/\/www.curteadeapelcluj.ro\/wp-content\/uploads\/2019\/10\/linie-subtitlu1200x1.png\" alt=\"\" width=\"800\" height=\"1\" srcset=\"https:\/\/www.curteadeapelcluj.ro\/wp-content\/uploads\/2019\/10\/linie-subtitlu1200x1.png 1200w, https:\/\/www.curteadeapelcluj.ro\/wp-content\/uploads\/2019\/10\/linie-subtitlu1200x1-150x1.png 150w, https:\/\/www.curteadeapelcluj.ro\/wp-content\/uploads\/2019\/10\/linie-subtitlu1200x1-300x1.png 300w, https:\/\/www.curteadeapelcluj.ro\/wp-content\/uploads\/2019\/10\/linie-subtitlu1200x1-768x1.png 768w, https:\/\/www.curteadeapelcluj.ro\/wp-content\/uploads\/2019\/10\/linie-subtitlu1200x1-1024x1.png 1024w, https:\/\/www.curteadeapelcluj.ro\/wp-content\/uploads\/2019\/10\/linie-subtitlu1200x1-720x1.png 720w, https:\/\/www.curteadeapelcluj.ro\/wp-content\/uploads\/2019\/10\/linie-subtitlu1200x1-1080x1.png 1080w, https:\/\/www.curteadeapelcluj.ro\/wp-content\/uploads\/2019\/10\/linie-subtitlu1200x1-960x1.png 960w, https:\/\/www.curteadeapelcluj.ro\/wp-content\/uploads\/2019\/10\/linie-subtitlu1200x1-272x1.png 272w, https:\/\/www.curteadeapelcluj.ro\/wp-content\/uploads\/2019\/10\/linie-subtitlu1200x1-436x1.png 436w\" sizes=\"auto, (max-width: 800px) 100vw, 800px\" \/><br \/>\n<\/span><\/span><\/p>\n<\/div>\n<\/div><\/div><\/div><div id=\"panel-1854-0-0-1\" class=\"so-panel widget widget_sow-editor panel-last-child\" data-index=\"1\" ><div class=\"panel-widget-style panel-widget-style-for-1854-0-0-1\" ><div\n\t\t\t\n\t\t\tclass=\"so-widget-sow-editor so-widget-sow-editor-base\"\n\t\t\t\n\t\t>\n<div class=\"siteorigin-widget-tinymce textwidget\">\n\t<p><a href=\"https:\/\/sites.google.com\/a\/csm.csm1909.ro\/swissromaniancp\/\" target=\"_blank\" rel=\"noopener\"><img loading=\"lazy\" decoding=\"async\" class=\"alignright wp-image-2071 size-full\" src=\"https:\/\/www.curteadeapelcluj.ro\/wp-content\/uploads\/2019\/08\/ghiduri.jpg\" alt=\"\" width=\"200\" height=\"50\" \/><\/a><\/p>\n<p><a style=\"font-size: 14px; text-decoration: none;\" href=\"\/documente\/utile\/info_utile\/1 Asistenta juridica - ajutorul public judiciar.pdf\" target=\"_blank\" rel=\"noopener\">Ajutorul public judiciar, Asisten\u0163a juridic\u0103 \u015fi reprezentarea<\/a><br \/>\n<a style=\"font-size: 14px; text-decoration: none;\" href=\"\/documente\/utile\/info_utile\/2 Noutati NCP si NCPP.pdf\" target=\"_blank\" rel=\"noopener\">Informa\u0163ii utile \u00een materie penal\u0103<\/a><br \/>\n<a style=\"font-size: 14px; text-decoration: none;\" href=\"\/documente\/utile\/info_utile\/3 Cererea de chemare in judecata - NCPC.pdf\" target=\"_blank\" rel=\"noopener\">Cererea de chemare \u00een judecat\u0103 \u015fi c\u0103ile de atac potrivit NCPC<\/a><br \/>\n<a style=\"font-size: 14px; text-decoration: none;\" href=\"\/documente\/utile\/info_utile\/4 Competenta instantelor judecatoresti - NCPC.pdf\" target=\"_blank\" rel=\"noopener\">Competen\u0163a instan\u0163elor judec\u0103tore\u015fti potrivit NCPC<\/a><br \/>\n<a style=\"font-size: 14px; text-decoration: none;\" href=\"\/documente\/utile\/info_utile\/5 Informatii taxe .pdf\">Informa\u0163ii taxe judiciare de timbru<\/a><br \/>\n<a style=\"font-size: 14px; text-decoration: none;\" href=\"\/documente\/utile\/info_utile\/2013-CALCULATOR TAXE.xls\" target=\"_blank\" rel=\"noopener\">Calculator taxe judiciare de timbru conform O.U.G. nr. 80\/2013<\/a><br \/>\n<a style=\"font-size: 14px; text-decoration: none;\" href=\"\/documente\/utile\/info_utile\/TAXE JUDICIARE TIMBRU 2009.xls\" target=\"_blank\" rel=\"noopener\">Calculator taxe judiciare de timbru conform Legii nr. 146\/1997<\/a><br \/>\n<a style=\"font-size: 14px; text-decoration: none;\" href=\"\/documente\/utile\/info_utile\/6 Medierea.pdf\" target=\"_blank\" rel=\"noopener\">Medierea<\/a><br \/>\n<a style=\"font-size: 14px; text-decoration: none;\" href=\"\/documente\/utile\/info_utile\/Baza institutiilor din comunitate.xls\" target=\"_blank\" rel=\"noopener\">Baza institu\u021biilor din comunitate<\/a><br \/>\n<a style=\"font-size: 14px; text-decoration: none;\" href=\"https:\/\/www.just.ro\/demo-interpreti-traducatori-rezultate\/\">Interpreti si traducatori<\/a><\/p>\n<p><span style=\"color: #000000; font-size: 14px;\">Tabloul avoca\u0163ilor \u015fi mediatorilor<br \/>\n<\/span><a class=\"style25\" href=\"http:\/\/www.baroul-bn.ro\/index.php\/tabloul-avocatilor\" target=\"_blank\" rel=\"noopener\">Tabloul avoca\u0163ilor - Baroul Bistri\u0163a-N\u0103s\u0103ud<\/a><br \/>\n<a class=\"style25\" href=\"https:\/\/www.baroul-cluj.ro\/tabloul-avocatilor\/avocati-definitivi\/\" target=\"_blank\" rel=\"noopener\">Tabloul avoca\u0163ilor - Baroul Cluj<\/a><br \/>\n<a class=\"style25\" href=\"http:\/\/www.baroul-maramures.ro\/avocati.php?tip=d\" target=\"_blank\" rel=\"noopener\">Tabloul avoca\u0163ilor - Baroul Maramure\u015f<\/a><br \/>\n<a class=\"style25\" href=\"http:\/\/www.baroul-salaj.ro\/avocati-definitivi.html\" target=\"_blank\" rel=\"noopener\">Tabloul avoca\u0163ilor - Baroul S\u0103laj<\/a><br \/>\n<a class=\"style25\" href=\"http:\/\/www.cmediere.ro\/mediatori\/\" target=\"_blank\" rel=\"noopener\">Tabloul mediatorilor<\/a><\/p>\n<\/div>\n<\/div><\/div><\/div><\/div><\/div><\/div><\/div>","protected":false},"excerpt":{"rendered":"<p>Informa\u0163ii Utile Ajutorul public judiciar, Asisten\u0163a juridic\u0103 \u015fi reprezentarea Informa\u0163ii utile \u00een materie penal\u0103 Cererea de chemare \u00een judecat\u0103 \u015fi c\u0103ile de atac potrivit NCPC Competen\u0163a instan\u0163elor judec\u0103tore\u015fti potrivit NCPC Informa\u0163ii taxe judiciare de timbru Calculator taxe judiciare de timbru conform O.U.G. nr. 80\/2013 Calculator taxe judiciare de timbru conform Legii nr. 146\/1997 Medierea Baza [&hellip;]<\/p>\n","protected":false},"author":1,"featured_media":0,"parent":2490,"menu_order":0,"comment_status":"closed","ping_status":"closed","template":"","meta":{"footnotes":""},"class_list":["post-1854","page","type-page","status-publish","hentry","post"],"_links":{"self":[{"href":"https:\/\/www.curteadeapelcluj.ro\/index.php\/wp-json\/wp\/v2\/pages\/1854","targetHints":{"allow":["GET"]}}],"collection":[{"href":"https:\/\/www.curteadeapelcluj.ro\/index.php\/wp-json\/wp\/v2\/pages"}],"about":[{"href":"https:\/\/www.curteadeapelcluj.ro\/index.php\/wp-json\/wp\/v2\/types\/page"}],"author":[{"embeddable":true,"href":"https:\/\/www.curteadeapelcluj.ro\/index.php\/wp-json\/wp\/v2\/users\/1"}],"replies":[{"embeddable":true,"href":"https:\/\/www.curteadeapelcluj.ro\/index.php\/wp-json\/wp\/v2\/comments?post=1854"}],"version-history":[{"count":18,"href":"https:\/\/www.curteadeapelcluj.ro\/index.php\/wp-json\/wp\/v2\/pages\/1854\/revisions"}],"predecessor-version":[{"id":4233,"href":"https:\/\/www.curteadeapelcluj.ro\/index.php\/wp-json\/wp\/v2\/pages\/1854\/revisions\/4233"}],"up":[{"embeddable":true,"href":"https:\/\/www.curteadeapelcluj.ro\/index.php\/wp-json\/wp\/v2\/pages\/2490"}],"wp:attachment":[{"href":"https:\/\/www.curteadeapelcluj.ro\/index.php\/wp-json\/wp\/v2\/media?parent=1854"}],"curies":[{"name":"wp","href":"https:\/\/api.w.org\/{rel}","templated":true}]}}