{"id":2223,"date":"2019-10-16T13:00:16","date_gmt":"2019-10-16T10:00:16","guid":{"rendered":"http:\/\/10.15.51.60\/cacj\/?page_id=2223"},"modified":"2019-12-02T14:41:22","modified_gmt":"2019-12-02T12:41:22","slug":"fisa-dosar","status":"publish","type":"page","link":"https:\/\/www.curteadeapelcluj.ro\/index.php\/dosare\/fisa-dosar.html","title":{"rendered":"Fi\u0219\u0103 Dosar"},"content":{"rendered":"<div id=\"pl-2223\"  class=\"panel-layout\" ><div id=\"pg-2223-0\"  class=\"panel-grid panel-has-style\" ><div class=\"siteorigin-panels-stretch panel-row-style panel-row-style-for-2223-0\" data-stretch-type=\"full\" ><div id=\"pgc-2223-0-0\"  class=\"panel-grid-cell\" ><div id=\"panel-2223-0-0-0\" class=\"so-panel widget widget_sow-editor panel-first-child\" data-index=\"0\" ><div class=\"panel-widget-style panel-widget-style-for-2223-0-0-0\" ><div\n\t\t\t\n\t\t\tclass=\"so-widget-sow-editor so-widget-sow-editor-base\"\n\t\t\t\n\t\t>\n<div class=\"siteorigin-widget-tinymce textwidget\">\n\t<p><span style=\"font-family: arial, helvetica, sans-serif; font-size: 20px; color: #000000;\">Fi\u015f\u0103 dosar<br \/>\n<img loading=\"lazy\" decoding=\"async\" class=\"alignleft wp-image-2601 size-full\" src=\"https:\/\/www.curteadeapelcluj.ro\/wp-content\/uploads\/2019\/10\/linie-subtitlu1200x1.png\" alt=\"\" width=\"1200\" height=\"1\" srcset=\"https:\/\/www.curteadeapelcluj.ro\/wp-content\/uploads\/2019\/10\/linie-subtitlu1200x1.png 1200w, https:\/\/www.curteadeapelcluj.ro\/wp-content\/uploads\/2019\/10\/linie-subtitlu1200x1-150x1.png 150w, https:\/\/www.curteadeapelcluj.ro\/wp-content\/uploads\/2019\/10\/linie-subtitlu1200x1-300x1.png 300w, https:\/\/www.curteadeapelcluj.ro\/wp-content\/uploads\/2019\/10\/linie-subtitlu1200x1-768x1.png 768w, https:\/\/www.curteadeapelcluj.ro\/wp-content\/uploads\/2019\/10\/linie-subtitlu1200x1-1024x1.png 1024w, https:\/\/www.curteadeapelcluj.ro\/wp-content\/uploads\/2019\/10\/linie-subtitlu1200x1-720x1.png 720w, https:\/\/www.curteadeapelcluj.ro\/wp-content\/uploads\/2019\/10\/linie-subtitlu1200x1-1080x1.png 1080w, https:\/\/www.curteadeapelcluj.ro\/wp-content\/uploads\/2019\/10\/linie-subtitlu1200x1-960x1.png 960w, https:\/\/www.curteadeapelcluj.ro\/wp-content\/uploads\/2019\/10\/linie-subtitlu1200x1-272x1.png 272w, https:\/\/www.curteadeapelcluj.ro\/wp-content\/uploads\/2019\/10\/linie-subtitlu1200x1-436x1.png 436w\" sizes=\"auto, (max-width: 1200px) 100vw, 1200px\" \/><\/span><\/p>\n<\/div>\n<\/div><\/div><\/div><div id=\"panel-2223-0-0-1\" class=\"so-panel widget widget_sow-editor\" data-index=\"1\" ><div\n\t\t\t\n\t\t\tclass=\"so-widget-sow-editor so-widget-sow-editor-base\"\n\t\t\t\n\t\t>\n<div class=\"siteorigin-widget-tinymce textwidget\">\n\t<div style=\"text-indent: 30px; text-align: justify; margin-bottom: 8px;\"><span style=\"font-family: arial, helvetica, sans-serif; font-size: 14px;\">Dup\u0103 introducerea num\u0103rului de dosar ap\u0103sa\u0163i butonul c\u0103utare. O s\u0103 primi\u0163i ca rezultat o fi\u015f\u0103 de dosar care con\u0163ine toate instan\u0163ele, din raza Cur\u0163ii de Apel Cluj, unde a fost \u00eenregistrat dosarul cu num\u0103rul c\u0103utat \u015fi detaliat pe fiecare instan\u0163\u0103 informa\u0163ii generale despre dosar (data \u00eenregistr\u0103rii \u00een instan\u0163\u0103, obiectul dosarului \u015fi stadiul procesual) \u015fi informa\u0163ii despre termenele de la dosar (data termen, solu\u0163ie \u015fi detalii solu\u0163ie).<\/span><\/div>\n<div style=\"text-indent: 30px; text-align: justify; margin-bottom: 8px;\"><span style=\"font-family: arial, helvetica, sans-serif; font-size: 14px;\">Fi\u015fa de dosar afi\u015fat\u0103 nu va con\u0163ine \u015fi dosarele versionate (cele cu stelu\u0163\u0103 123\/211\/2009*) \u015fi dosarele asociate (cele care con\u0163in litera a, ex. 123\/211\/2009\/a1). Pentru a avea o fi\u015f\u0103 cu aceste dosare trebuie s\u0103 c\u0103uta\u0163i dosarul versionat sau asociat dorit (introduce\u0163i num\u0103rul de dosar cu * sau cu a1).<\/span><\/div>\n<div style=\"text-indent: 30px; text-align: justify;\"><span style=\"font-family: arial, helvetica, sans-serif; font-size: 14px;\">Pentru \u00eentreb\u0103ri, observa\u0163ii \u015fi sugestii pute\u0163i trimite un e-mail la adresa web.cacj@just.ro.<\/span><\/div>\n<div style=\"text-indent: 30px; text-align: justify;\"><span style=\"color: #333333;\"><em><strong><span style=\"font-family: arial, helvetica, sans-serif; font-size: 14px;\">Aceast\u0103 aplica\u021bie a fost creat\u0103 de Curtea de Apel Cluj \u015fi implementat\u0103 din data de 17.03.2013.<\/span><\/strong><\/em><\/span><\/div>\n<\/div>\n<\/div><\/div><div id=\"panel-2223-0-0-2\" class=\"so-panel widget widget_sow-editor panel-last-child\" data-index=\"2\" ><div class=\"panel-widget-style panel-widget-style-for-2223-0-0-2\" ><div\n\t\t\t\n\t\t\tclass=\"so-widget-sow-editor so-widget-sow-editor-base\"\n\t\t\t\n\t\t>\n<div class=\"siteorigin-widget-tinymce textwidget\">\n\t<p><iframe loading=\"lazy\" src=\"https:\/\/www.curteadeapelcluj.ro\/InfoCentrulCurtiiDeApel\/UPD_Dosare_ecris_RT.aspx\" width=\"1100px\" height=\"800px\"><span style=\"display: inline-block; width: 0px; overflow: hidden; line-height: 0;\" data-mce-type=\"bookmark\" class=\"mce_SELRES_start\">\ufeff<\/span><\/iframe><\/p>\n<\/div>\n<\/div><\/div><\/div><\/div><\/div><\/div><\/div>","protected":false},"excerpt":{"rendered":"<p>Fi\u015f\u0103 dosar Dup\u0103 introducerea num\u0103rului de dosar ap\u0103sa\u0163i butonul c\u0103utare. O s\u0103 primi\u0163i ca rezultat o fi\u015f\u0103 de dosar care con\u0163ine toate instan\u0163ele, din raza Cur\u0163ii de Apel Cluj, unde a fost \u00eenregistrat dosarul cu num\u0103rul c\u0103utat \u015fi detaliat pe fiecare instan\u0163\u0103 informa\u0163ii generale despre dosar (data \u00eenregistr\u0103rii \u00een instan\u0163\u0103, obiectul dosarului \u015fi stadiul procesual) [&hellip;]<\/p>\n","protected":false},"author":1,"featured_media":0,"parent":212,"menu_order":0,"comment_status":"closed","ping_status":"closed","template":"","meta":{"footnotes":""},"class_list":["post-2223","page","type-page","status-publish","hentry","post"],"_links":{"self":[{"href":"https:\/\/www.curteadeapelcluj.ro\/index.php\/wp-json\/wp\/v2\/pages\/2223","targetHints":{"allow":["GET"]}}],"collection":[{"href":"https:\/\/www.curteadeapelcluj.ro\/index.php\/wp-json\/wp\/v2\/pages"}],"about":[{"href":"https:\/\/www.curteadeapelcluj.ro\/index.php\/wp-json\/wp\/v2\/types\/page"}],"author":[{"embeddable":true,"href":"https:\/\/www.curteadeapelcluj.ro\/index.php\/wp-json\/wp\/v2\/users\/1"}],"replies":[{"embeddable":true,"href":"https:\/\/www.curteadeapelcluj.ro\/index.php\/wp-json\/wp\/v2\/comments?post=2223"}],"version-history":[{"count":34,"href":"https:\/\/www.curteadeapelcluj.ro\/index.php\/wp-json\/wp\/v2\/pages\/2223\/revisions"}],"predecessor-version":[{"id":3295,"href":"https:\/\/www.curteadeapelcluj.ro\/index.php\/wp-json\/wp\/v2\/pages\/2223\/revisions\/3295"}],"up":[{"embeddable":true,"href":"https:\/\/www.curteadeapelcluj.ro\/index.php\/wp-json\/wp\/v2\/pages\/212"}],"wp:attachment":[{"href":"https:\/\/www.curteadeapelcluj.ro\/index.php\/wp-json\/wp\/v2\/media?parent=2223"}],"curies":[{"name":"wp","href":"https:\/\/api.w.org\/{rel}","templated":true}]}}