{"id":3663,"date":"2020-05-12T19:55:08","date_gmt":"2020-05-12T16:55:08","guid":{"rendered":"https:\/\/www.curteadeapelcluj.ro\/?page_id=3663"},"modified":"2023-02-07T09:07:08","modified_gmt":"2023-02-07T07:07:08","slug":"delegari-detasari","status":"publish","type":"page","link":"https:\/\/www.curteadeapelcluj.ro\/index.php\/informatii-publice\/delegari-detasari.html","title":{"rendered":"Deleg\u0103ri-Deta\u015f\u0103ri"},"content":{"rendered":"<div id=\"pl-3663\"  class=\"panel-layout\" ><div id=\"pg-3663-0\"  class=\"panel-grid panel-has-style\" ><div class=\"siteorigin-panels-stretch panel-row-style panel-row-style-for-3663-0\" data-stretch-type=\"full\" ><div id=\"pgc-3663-0-0\"  class=\"panel-grid-cell\" ><div id=\"panel-3663-0-0-0\" class=\"so-panel widget widget_sow-editor panel-first-child\" data-index=\"0\" ><div class=\"panel-widget-style panel-widget-style-for-3663-0-0-0\" ><div\n\t\t\t\n\t\t\tclass=\"so-widget-sow-editor so-widget-sow-editor-base\"\n\t\t\t\n\t\t>\n<div class=\"siteorigin-widget-tinymce textwidget\">\n\t<p><span style=\"font-family: arial, helvetica, sans-serif; font-size: 20px;\"><span style=\"color: #000000;\">Deleg\u0103ri-Deta\u015f\u0103ri<\/span><img loading=\"lazy\" decoding=\"async\" class=\"alignleft wp-image-2601 size-full\" src=\"https:\/\/www.curteadeapelcluj.ro\/wp-content\/uploads\/2019\/10\/linie-subtitlu1200x1.png\" alt=\"\" width=\"800\" height=\"1\" srcset=\"https:\/\/www.curteadeapelcluj.ro\/wp-content\/uploads\/2019\/10\/linie-subtitlu1200x1.png 1200w, https:\/\/www.curteadeapelcluj.ro\/wp-content\/uploads\/2019\/10\/linie-subtitlu1200x1-150x1.png 150w, https:\/\/www.curteadeapelcluj.ro\/wp-content\/uploads\/2019\/10\/linie-subtitlu1200x1-300x1.png 300w, https:\/\/www.curteadeapelcluj.ro\/wp-content\/uploads\/2019\/10\/linie-subtitlu1200x1-768x1.png 768w, https:\/\/www.curteadeapelcluj.ro\/wp-content\/uploads\/2019\/10\/linie-subtitlu1200x1-1024x1.png 1024w, https:\/\/www.curteadeapelcluj.ro\/wp-content\/uploads\/2019\/10\/linie-subtitlu1200x1-720x1.png 720w, https:\/\/www.curteadeapelcluj.ro\/wp-content\/uploads\/2019\/10\/linie-subtitlu1200x1-1080x1.png 1080w, https:\/\/www.curteadeapelcluj.ro\/wp-content\/uploads\/2019\/10\/linie-subtitlu1200x1-960x1.png 960w, https:\/\/www.curteadeapelcluj.ro\/wp-content\/uploads\/2019\/10\/linie-subtitlu1200x1-272x1.png 272w, https:\/\/www.curteadeapelcluj.ro\/wp-content\/uploads\/2019\/10\/linie-subtitlu1200x1-436x1.png 436w\" sizes=\"auto, (max-width: 800px) 100vw, 800px\" \/><\/span><\/p>\n<\/div>\n<\/div><\/div><\/div><div id=\"panel-3663-0-0-1\" class=\"so-panel widget widget_xyz_insert_php_widget panel-last-child\" data-index=\"1\" >Deleg\u0103ri si deta\u015f\u0103ri<script type=\"text\/javascript\" >\r\njQuery(document).ready(function($){\r\n\tjQuery( '#container-delegari-detasari' ).html( '<ul class=\"filetree start\"><li class=\"wait\">' + 'Generating Tree...' + '<li><\/ul>' );\r\n\t\r\n\tgetfilelist( $('#container-delegari-detasari') , 'documente\/informatii_publice\/delegari-detasari' );\r\n\t\r\n\tfunction getfilelist( cont, root ) {\r\n\t\r\n\t\tjQuery( cont ).addClass( 'wait' );\r\n\t\t\r\n\t\tjQuery.post( 'https:\/\/www.curteadeapelcluj.ro\/Foldertree_delegari-detasari.php', { dir: root, baza_link:'https:\/\/www.curteadeapelcluj.ro'  }, function( data ) {\r\n\t\r\n\t\t\tjQuery( cont ).find( '.start' ).html( '' );\r\n\t\t\tjQuery( cont ).removeClass( 'wait' ).append( data );\r\n\t\t\tif( 'Sample' == root ) \r\n\t\t\t\t$( cont ).find('UL:hidden').show();\r\n\t\t\telse \r\n\t\t\t\t$( cont ).find('UL:hidden').slideDown({ duration: 500, easing: null });\r\n\t\t\t\r\n\t\t});\r\n\t}\r\n\t\r\n\tjQuery( '#container-delegari-detasari' ).on('click', 'LI A', function() {\r\n\t\tvar entry = $(this).parent();\r\n\t\t\r\n\t\tif( entry.hasClass('folder') ) {\r\n\t\t\tif( entry.hasClass('collapsed') ) {\r\n\t\t\t\t\t\t\r\n\t\t\t\tentry.find('UL').remove();\r\n\t\t\t\tgetfilelist( entry, escape( $(this).attr('rel') ));\r\n\t\t\t\tentry.removeClass('collapsed').addClass('expanded');\r\n\t\t\t}\r\n\t\t\telse {\r\n\t\t\t\t\r\n\t\t\t\tentry.find('UL').slideUp({ duration: 500, easing: null });\r\n\t\t\t\tentry.removeClass('expanded').addClass('collapsed');\r\n\t\t\t}\r\n\t\t} else {\r\n\t\t\tvar url = $(this).attr('href'); \r\n\t\t\twindow.open(url, '_blank');\r\n\t\t\t\/\/$( '#selected_file' ).text( \"File:  \" + $(this).attr( 'rel' ));\r\n\t\t}\r\n\treturn false;\r\n\t});\r\n\t\r\n\t\r\n});\r\n<\/script>\r\n\r\n<div id=\"container-delegari-detasari\"> <\/div>\r\n<!--<div id=\"selected_file\"><\/div>!-->\r\n\r\n<\/div><\/div><\/div><\/div><\/div>","protected":false},"excerpt":{"rendered":"<p>Deleg\u0103ri-Deta\u015f\u0103ri<\/p>\n","protected":false},"author":1,"featured_media":0,"parent":2478,"menu_order":0,"comment_status":"closed","ping_status":"closed","template":"","meta":{"footnotes":""},"class_list":["post-3663","page","type-page","status-publish","hentry","post"],"_links":{"self":[{"href":"https:\/\/www.curteadeapelcluj.ro\/index.php\/wp-json\/wp\/v2\/pages\/3663","targetHints":{"allow":["GET"]}}],"collection":[{"href":"https:\/\/www.curteadeapelcluj.ro\/index.php\/wp-json\/wp\/v2\/pages"}],"about":[{"href":"https:\/\/www.curteadeapelcluj.ro\/index.php\/wp-json\/wp\/v2\/types\/page"}],"author":[{"embeddable":true,"href":"https:\/\/www.curteadeapelcluj.ro\/index.php\/wp-json\/wp\/v2\/users\/1"}],"replies":[{"embeddable":true,"href":"https:\/\/www.curteadeapelcluj.ro\/index.php\/wp-json\/wp\/v2\/comments?post=3663"}],"version-history":[{"count":12,"href":"https:\/\/www.curteadeapelcluj.ro\/index.php\/wp-json\/wp\/v2\/pages\/3663\/revisions"}],"predecessor-version":[{"id":4523,"href":"https:\/\/www.curteadeapelcluj.ro\/index.php\/wp-json\/wp\/v2\/pages\/3663\/revisions\/4523"}],"up":[{"embeddable":true,"href":"https:\/\/www.curteadeapelcluj.ro\/index.php\/wp-json\/wp\/v2\/pages\/2478"}],"wp:attachment":[{"href":"https:\/\/www.curteadeapelcluj.ro\/index.php\/wp-json\/wp\/v2\/media?parent=3663"}],"curies":[{"name":"wp","href":"https:\/\/api.w.org\/{rel}","templated":true}]}}